{"id":24132,"date":"2024-04-12T12:41:20","date_gmt":"2024-04-12T10:41:20","guid":{"rendered":"https:\/\/cervezalasagra.es\/tienda\/?page_id=24132"},"modified":"2024-04-12T13:19:59","modified_gmt":"2024-04-12T11:19:59","slug":"carrito-2","status":"publish","type":"page","link":"https:\/\/cervezalasagra.es\/tienda\/carrito-2\/","title":{"rendered":"Carrito-WIP"},"content":{"rendered":"<div class=\"wpb-content-wrapper\"><p>[vc_row tm_bgimagefixed=&#8221;&#8221; el_class=&#8221;bl-carrito-basuraleza&#8221; css=&#8221;.vc_custom_1712919775515{padding-top: 30px !important;padding-right: 15px !important;padding-bottom: 30px !important;padding-left: 15px !important;background-color: #f7f7f7 !important;}&#8221;][vc_column width=&#8221;1\/2&#8243;][vc_column_text]<\/p>\r\n<h3><strong>Menos basuraleza, M\u00e1s Tajo<\/strong><\/h3>\r\n<p>Antes de finalizar tu pedido, \u00bfte gustar\u00eda participar en la iniciativa <strong>Menos basuraleza, M\u00e1s Tajo<\/strong>? A\u00f1ade kgs de basuraleza a tu carrito y ay\u00fadanos a recaudar fondos para limpiar nuestro r\u00edo. \u00a1Cada kg cuenta!<\/p>\r\n<p>[\/vc_column_text][\/vc_column][vc_column width=&#8221;1\/6&#8243;][vc_single_image image=&#8221;24151&#8243; css=&#8221;.vc_custom_1712920768060{margin-bottom: 0px !important;border-bottom-width: 0px !important;padding-bottom: 0px !important;}&#8221;][\/vc_column][vc_column width=&#8221;1\/6&#8243; css=&#8221;.vc_custom_1712919805956{margin-bottom: 0px !important;border-bottom-width: 0px !important;padding-bottom: 0px !important;}&#8221;][vc_single_image image=&#8221;24152&#8243; css=&#8221;.vc_custom_1712920780928{margin-bottom: 0px !important;border-bottom-width: 0px !important;padding-bottom: 0px !important;}&#8221;][\/vc_column][vc_column width=&#8221;1\/6&#8243; css=&#8221;.vc_custom_1712920790018{margin-bottom: 0px !important;border-bottom-width: 0px !important;padding-bottom: 0px !important;}&#8221;][vc_single_image image=&#8221;24153&#8243; css=&#8221;.vc_custom_1712920797268{margin-bottom: 0px !important;border-bottom-width: 0px !important;padding-bottom: 0px !important;}&#8221;][\/vc_column][\/vc_row][vc_row][vc_column][vc_empty_space][vc_column_text]\n<p>\n[\/vc_column_text][\/vc_column][\/vc_row]<\/p><\/div>","protected":false},"excerpt":{"rendered":"<p>[vc_row tm_bgimagefixed=&#8221;&#8221; el_class=&#8221;bl-carrito-basuraleza&#8221; css=&#8221;.vc_custom_1712919775515{padding-top: 30px !important;padding-right: 15px !important;padding-bottom: 30px !important;padding-left: 15px !important;background-color: #f7f7f7 !important;}&#8221;][vc_column width=&#8221;1\/2&#8243;][vc_column_text] Menos basuraleza, M\u00e1s Tajo Antes de finalizar tu pedido, \u00bfte gustar\u00eda participar en la iniciativa Menos basuraleza, M\u00e1s Tajo? A\u00f1ade kgs de basuraleza a tu carrito y ay\u00fadanos a recaudar fondos para limpiar nuestro r\u00edo. \u00a1Cada kg cuenta! [\/vc_column_text][\/vc_column][vc_column width=&#8221;1\/6&#8243;][vc_single_image &hellip; <a href=\"https:\/\/cervezalasagra.es\/tienda\/carrito-2\/\" class=\"more-link\">Continue reading <span class=\"screen-reader-text\">Carrito-WIP<\/span><\/a><\/p>\n","protected":false},"author":1,"featured_media":0,"parent":0,"menu_order":0,"comment_status":"closed","ping_status":"closed","template":"","meta":{"_acf_changed":false,"footnotes":""},"class_list":["post-24132","page","type-page","status-publish","hentry"],"acf":[],"jetpack_sharing_enabled":true,"_links":{"self":[{"href":"https:\/\/cervezalasagra.es\/tienda\/wp-json\/wp\/v2\/pages\/24132","targetHints":{"allow":["GET"]}}],"collection":[{"href":"https:\/\/cervezalasagra.es\/tienda\/wp-json\/wp\/v2\/pages"}],"about":[{"href":"https:\/\/cervezalasagra.es\/tienda\/wp-json\/wp\/v2\/types\/page"}],"author":[{"embeddable":true,"href":"https:\/\/cervezalasagra.es\/tienda\/wp-json\/wp\/v2\/users\/1"}],"replies":[{"embeddable":true,"href":"https:\/\/cervezalasagra.es\/tienda\/wp-json\/wp\/v2\/comments?post=24132"}],"version-history":[{"count":0,"href":"https:\/\/cervezalasagra.es\/tienda\/wp-json\/wp\/v2\/pages\/24132\/revisions"}],"wp:attachment":[{"href":"https:\/\/cervezalasagra.es\/tienda\/wp-json\/wp\/v2\/media?parent=24132"}],"curies":[{"name":"wp","href":"https:\/\/api.w.org\/{rel}","templated":true}]}}