{"id":12284,"date":"2015-05-01T01:05:21","date_gmt":"2015-05-01T00:05:21","guid":{"rendered":"https:\/\/cervezalasagra.es\/tienda\/?post_type=product&#038;p=12284"},"modified":"2026-03-27T11:24:57","modified_gmt":"2026-03-27T10:24:57","slug":"radler-botella","status":"publish","type":"product","link":"https:\/\/cervezalasagra.es\/tienda\/radler-botella\/","title":{"rendered":"LA SAGRA Radler<br> <span>12 o 24 botellas 33 cl &#8211; 2,6% vol.<\/span>"},"content":{"rendered":"<p>La frescura no es una condici\u00f3n, es una actitud: mantenemos nuestro coraz\u00f3n y mente frescos a la hora de elaborar recetas como la de nuestra LA SAGRA Radler, una cerveza que fusiona lo mejor de la cerveza artesanal con lim\u00f3n natural.<\/p>\n","protected":false},"excerpt":{"rendered":"<p>LA SAGRA Radler destaca por sus ingredientes principales, la limonada natural. A trav\u00e9s de esta rayadura conseguimos el inconfundible aroma y sabor c\u00edtrico de esta cerveza. LA SAGRA Radler es nuestra opci\u00f3n m\u00e1s refrescante, ideal para consumir todo el a\u00f1o, no solo en los meses m\u00e1s calurosos.<\/p>\n<p><b data-stringify-type=\"bold\">GASTOS DE ENV\u00cdO GRATIS<\/b><\/p>\n<p style=\"font-size: 10px;\">* Precio\/Litro: Pack 12 Botellas: 6,21\u20ac<br \/>\n* Precio\/Litro: Pack 24 Botellas: 5,04\u20ac<\/p>\n","protected":false},"featured_media":25634,"comment_status":"open","ping_status":"closed","template":"","meta":{"_acf_changed":false},"product_brand":[],"product_cat":[66,63,499,498],"product_tag":[236,239,238,415,441],"class_list":{"0":"post-12284","1":"product","2":"type-product","3":"status-publish","4":"has-post-thumbnail","6":"product_cat-artesanales","7":"product_cat-cervezas-la-sagra","8":"product_cat-la-sagra-nuestras-cervezas","9":"product_cat-nuestras-cervezas","10":"product_tag-cerveza","11":"product_tag-cerveza-artesanal","12":"product_tag-la-sagra","13":"product_tag-limon","14":"product_tag-radler","15":"pa_alc-e3-2_6","16":"pa_estilo-07-radler","17":"pa_formato-8a-botella33cl","18":"pa_informacionnutricional-9c-100ml171kj41kcal","19":"pa_ingredientes-90-cervezaagua_maltadecebaday","20":"pa_mantenimiento-d1-conservarenlugarlimpio_fre","21":"pa_temperaturadeconsumo-dd-2_4c","22":"pa_unidades-af-caja12udsx33cl","23":"pa_unidades-46-caja24udsx33cl","26":"instock","27":"taxable","28":"shipping-taxable","29":"purchasable","30":"product-type-variable","31":"has-default-attributes"},"booking_location":null,"booking_location_type":null,"booking_duration":null,"booking_duration_unit":null,"booking_buffer":null,"booking_cost":null,"booking_resources":null,"acf":{"imagen_pagos":false,"ft_tipo":"Radler","ft_alcohol":"2,6","ft_botellas":"1 Botella","ft_amargor":"8","ft_nivel_amargor":"Amargor 1","ft_atributos":[{"ft_nombre_atributo":"Fermentaci\u00f3n","ft_descripcion":"Alta (ALE)","ft_icono":"https:\/\/cervezalasagra.es\/tienda\/wp-content\/uploads\/2021\/05\/ico-fermentacion.png"},{"ft_nombre_atributo":"Ingredientes","ft_descripcion":"Cerveza (Agua, <strong>malta de  cebada y de trigo<\/strong>, lim\u00f3n  natural, cilantro, l\u00fapulo  y levadura) y Limonada  (Agua, zumo natural  de lim\u00f3n, az\u00facar y  sorbato de potasio).","ft_icono":"https:\/\/cervezalasagra.es\/tienda\/wp-content\/uploads\/2021\/05\/ico-ingredientes.png"},{"ft_nombre_atributo":"Contiene Gluten","ft_descripcion":"","ft_icono":"https:\/\/cervezalasagra.es\/tienda\/wp-content\/uploads\/2021\/05\/ico-alergenos.png"},{"ft_nombre_atributo":"T\u00aa de consumo","ft_descripcion":"4 y 6 C\u00ba","ft_icono":"https:\/\/cervezalasagra.es\/tienda\/wp-content\/uploads\/2021\/05\/ico-consumo.png"},{"ft_nombre_atributo":"Por 100 ml","ft_descripcion":"167 kJ \/ 40 kcal","ft_icono":"https:\/\/cervezalasagra.es\/tienda\/wp-content\/uploads\/2021\/05\/ico-nutricional.png"},{"ft_nombre_atributo":"Color","ft_descripcion":"Amarillo turbio y ligeramente verdoso","ft_icono":"https:\/\/cervezalasagra.es\/tienda\/wp-content\/uploads\/2021\/05\/ico-color.png"},{"ft_nombre_atributo":"Aroma","ft_descripcion":"Caracter\u00edsticas notas frutales","ft_icono":"https:\/\/cervezalasagra.es\/tienda\/wp-content\/uploads\/2021\/05\/ico-aroma.png"},{"ft_nombre_atributo":"Gusto","ft_descripcion":"Cuerpo ligero y un sabor c\u00edtrico muy refrescante","ft_icono":"https:\/\/cervezalasagra.es\/tienda\/wp-content\/uploads\/2023\/05\/gusto-e1684323297333.png"}],"ft_imagen_fondo":false,"m_imagen_fondo":"https:\/\/cervezalasagra.es\/tienda\/wp-content\/uploads\/2021\/08\/Maridaje-Pescados_Ensalada_Fritos.jpg","m_titulo":"\u00bfC\u00f3mo combinarlo?","m_alimentos":[{"m_nombre_alimento":"Aperitivos","m_icono_alimento":"https:\/\/cervezalasagra.es\/tienda\/wp-content\/uploads\/2021\/08\/Icono-Maridaje-Aperitivos-1.png"},{"m_nombre_alimento":"Pescados y Mariscos","m_icono_alimento":"https:\/\/cervezalasagra.es\/tienda\/wp-content\/uploads\/2021\/08\/Icono-Maridaje-Pescado-yMarisco.png"},{"m_nombre_alimento":"Ensaladas","m_icono_alimento":"https:\/\/cervezalasagra.es\/tienda\/wp-content\/uploads\/2021\/08\/Icono-Maridaje-Ensaladas.png"},{"m_nombre_alimento":"Fritos","m_icono_alimento":"https:\/\/cervezalasagra.es\/tienda\/wp-content\/uploads\/2021\/08\/Icono-Maridaje-Fritos.png"}],"pr_separador":false,"pr_titulo":"No te quedes sin probar...","b_separador":false,"b_titulo":"","b_imagen_1":false,"b_imagen_2":false,"b_imagen_3":false},"jetpack_sharing_enabled":true,"_links":{"self":[{"href":"https:\/\/cervezalasagra.es\/tienda\/wp-json\/wp\/v2\/product\/12284","targetHints":{"allow":["GET"]}}],"collection":[{"href":"https:\/\/cervezalasagra.es\/tienda\/wp-json\/wp\/v2\/product"}],"about":[{"href":"https:\/\/cervezalasagra.es\/tienda\/wp-json\/wp\/v2\/types\/product"}],"replies":[{"embeddable":true,"href":"https:\/\/cervezalasagra.es\/tienda\/wp-json\/wp\/v2\/comments?post=12284"}],"wp:featuredmedia":[{"embeddable":true,"href":"https:\/\/cervezalasagra.es\/tienda\/wp-json\/wp\/v2\/media\/25634"}],"wp:attachment":[{"href":"https:\/\/cervezalasagra.es\/tienda\/wp-json\/wp\/v2\/media?parent=12284"}],"wp:term":[{"taxonomy":"product_brand","embeddable":true,"href":"https:\/\/cervezalasagra.es\/tienda\/wp-json\/wp\/v2\/product_brand?post=12284"},{"taxonomy":"product_cat","embeddable":true,"href":"https:\/\/cervezalasagra.es\/tienda\/wp-json\/wp\/v2\/product_cat?post=12284"},{"taxonomy":"product_tag","embeddable":true,"href":"https:\/\/cervezalasagra.es\/tienda\/wp-json\/wp\/v2\/product_tag?post=12284"}],"curies":[{"name":"wp","href":"https:\/\/api.w.org\/{rel}","templated":true}]}}