{"id":12345,"date":"2010-04-01T03:01:01","date_gmt":"2010-04-01T02:01:01","guid":{"rendered":"https:\/\/cervezalasagra.es\/tienda\/?post_type=product&#038;p=12345"},"modified":"2026-03-30T10:11:46","modified_gmt":"2026-03-30T08:11:46","slug":"pack-la-sagra-6-estilos-botella-33-cl","status":"publish","type":"product","link":"https:\/\/cervezalasagra.es\/tienda\/pack-la-sagra-6-estilos-botella-33-cl\/","title":{"rendered":"4 Packs degustaci\u00f3n 6 estilos <br><span>6 botellas 33 cl <\/span>"},"content":{"rendered":"<p><span data-sheets-value=\"{&quot;1&quot;:2,&quot;2&quot;:&quot;Pack degustaci\u00f3n con 5 variedades fijas y 1 alternativa.rnrnContiene: LA SAGRA Castiza (x2), LA SAGRA Criolla (x2), LA SAGRA Flanders (x2), LA SAGRA India (x2), LA SAGRA Suxinsu (x2) y una de las siguientes referencias (x2): Boh\u00edo, Radler, Sin Gluten o estacional.rnrnLa confecci\u00f3n de este pack puede variar en funci\u00f3n del stock.&quot;}\" data-sheets-userformat=\"{&quot;2&quot;:897,&quot;3&quot;:{&quot;1&quot;:0},&quot;10&quot;:0,&quot;11&quot;:4,&quot;12&quot;:0}\">Pack degustaci\u00f3n con 5 variedades fijas y 1 alternativa.<\/span><\/p>\n<p>Contiene:<\/p>\n<p>LA SAGRA Castiza, Tipo: <span data-sheets-value=\"{&quot;1&quot;:2,&quot;2&quot;:&quot;Rubia&quot;}\" data-sheets-userformat=\"{&quot;2&quot;:515,&quot;3&quot;:{&quot;1&quot;:0},&quot;4&quot;:{&quot;1&quot;:2,&quot;2&quot;:65280},&quot;12&quot;:0}\">Rubia<\/span>, Ingredientes: <span data-sheets-value=\"{&quot;1&quot;:2,&quot;2&quot;:&quot;Agua, malta de cebada, \\nl\u00fapulo y levadura&quot;}\" data-sheets-userformat=\"{&quot;2&quot;:515,&quot;3&quot;:{&quot;1&quot;:0},&quot;4&quot;:{&quot;1&quot;:2,&quot;2&quot;:65280},&quot;12&quot;:0}\">Agua, malta de cebada, l\u00fapulo y levadura.<\/span><\/p>\n<p>LA SAGRA Criolla, Tipo: <span data-sheets-value=\"{&quot;1&quot;:2,&quot;2&quot;:&quot;Roja&quot;}\" data-sheets-userformat=\"{&quot;2&quot;:515,&quot;3&quot;:{&quot;1&quot;:0},&quot;4&quot;:{&quot;1&quot;:2,&quot;2&quot;:65280},&quot;12&quot;:0}\">Roja<\/span>, Ingredientes: <span data-sheets-value=\"{&quot;1&quot;:2,&quot;2&quot;:&quot;Agua, malta de cebada, \\r\\nl\u00fapulo y levadura&quot;}\" data-sheets-userformat=\"{&quot;2&quot;:515,&quot;3&quot;:{&quot;1&quot;:0},&quot;4&quot;:{&quot;1&quot;:2,&quot;2&quot;:65280},&quot;12&quot;:0}\">Agua, malta de cebada, l\u00fapulo y levadura.<\/span><\/p>\n<p>LA SAGRA Flanders, Tipo: <span data-sheets-value=\"{&quot;1&quot;:2,&quot;2&quot;:&quot;Blanca de Trigo&quot;}\" data-sheets-userformat=\"{&quot;2&quot;:515,&quot;3&quot;:{&quot;1&quot;:0},&quot;4&quot;:{&quot;1&quot;:2,&quot;2&quot;:65280},&quot;12&quot;:0}\">Blanca de Trigo<\/span>, Ingredientes: <span data-sheets-value=\"{&quot;1&quot;:2,&quot;2&quot;:&quot;Agua, malta de cebada \\ny de trigo, c\u00e1scara de \\nnaranja, cilantro, l\u00fapulo \\ny levadura&quot;}\" data-sheets-userformat=\"{&quot;2&quot;:515,&quot;3&quot;:{&quot;1&quot;:0},&quot;4&quot;:{&quot;1&quot;:2,&quot;2&quot;:65280},&quot;12&quot;:0}\">Agua, malta de cebada y de trigo, c\u00e1scara de naranja, cilantro, l\u00fapulo y levadura.<\/span><\/p>\n<p>LA SAGRA India, Tipo: <span data-sheets-value=\"{&quot;1&quot;:2,&quot;2&quot;:&quot;IPA&quot;}\" data-sheets-userformat=\"{&quot;2&quot;:515,&quot;3&quot;:{&quot;1&quot;:0},&quot;4&quot;:{&quot;1&quot;:2,&quot;2&quot;:65280},&quot;12&quot;:0}\">IPA<\/span>, Ingredientes: <span data-sheets-value=\"{&quot;1&quot;:2,&quot;2&quot;:&quot;Agua, malta de cebada, \\nl\u00fapulo y levadura&quot;}\" data-sheets-userformat=\"{&quot;2&quot;:515,&quot;3&quot;:{&quot;1&quot;:0},&quot;4&quot;:{&quot;1&quot;:2,&quot;2&quot;:65280},&quot;12&quot;:0}\">Agua, malta de cebada, l\u00fapulo y levadura.<\/span><\/p>\n<p>LA SAGRA Mulata, Tipo: <span data-sheets-value=\"{&quot;1&quot;:2,&quot;2&quot;:&quot;Rubia Triple Ale&quot;}\" data-sheets-userformat=\"{&quot;2&quot;:515,&quot;3&quot;:{&quot;1&quot;:0},&quot;4&quot;:{&quot;1&quot;:2,&quot;2&quot;:65280},&quot;12&quot;:0}\">\u00a0Ale<\/span>, Ingredientes: <span data-sheets-value=\"{&quot;1&quot;:2,&quot;2&quot;:&quot;Agua, malta de cebada, \\nl\u00fapulo y levadura&quot;}\" data-sheets-userformat=\"{&quot;2&quot;:515,&quot;3&quot;:{&quot;1&quot;:0},&quot;4&quot;:{&quot;1&quot;:2,&quot;2&quot;:65280},&quot;12&quot;:0}\">Agua, malta de cebada, l\u00fapulo y levadura.<\/span><\/p>\n<p>y una de las siguientes referencias: Boh\u00edo, Radler, Sin Gluten o estacional.<\/p>\n<p>La confecci\u00f3n de este pack puede variar en funci\u00f3n del stock.<\/p>\n","protected":false},"excerpt":{"rendered":"<p>Sabemos que es dif\u00edcil sorprenderse por un pedido que has hecho t\u00fa mismo, as\u00ed que hemos creado este pack que incluye LA SAGRA Castiza, LA SAGRA Criolla, LA SAGRA Flanders, LA SAGRA India, LA SAGRA Mulata y una cerveza misteriosa, que puede ser una Boh\u00edo, Suxinsu o estacional.<\/p>\n<p><b data-stringify-type=\"bold\">GASTOS DE ENV\u00cdO GRATIS<\/b><\/p>\n<p style=\"font-size: 10px;\">* Precio\/Litro: Pack 12 Botellas:5,12\u20ac<\/p>\n","protected":false},"featured_media":25890,"comment_status":"open","ping_status":"closed","template":"","meta":{"_acf_changed":false},"product_brand":[],"product_cat":[463,65],"product_tag":[268,236,242,241,240],"class_list":{"0":"post-12345","1":"product","2":"type-product","3":"status-publish","4":"has-post-thumbnail","6":"product_cat-cervezas-en-suscripcion","7":"product_cat-elige-tu-pack","8":"product_tag-castiza","9":"product_tag-cerveza","10":"product_tag-cerveza-criolla","11":"product_tag-roja","12":"product_tag-sagra","13":"pa_alc-62-varios","14":"pa_estilo-62-varios","15":"pa_formato-8a-botella33cl","16":"pa_ingredientes-8f-agua_100maltadecebada_lupu","17":"pa_mantenimiento-d1-conservarenlugarlimpio_fre","18":"pa_temperaturadeconsumo-0c-6_8c","19":"pa_unidades-af-caja12udsx33cl","20":"pa_unidades-46-caja24udsx33cl","21":"has-subscription-plans","24":"instock","25":"taxable","26":"shipping-taxable","27":"purchasable","28":"product-type-simple"},"booking_location":null,"booking_location_type":null,"booking_duration":null,"booking_duration_unit":null,"booking_buffer":null,"booking_cost":null,"booking_resources":null,"acf":{"imagen_pagos":false,"ft_tipo":"Rubia, Roja, Blanca de Trigo, IPA, Rubia Triple Ale","ft_alcohol":"5,2-9,1","ft_botellas":"6 Botella","ft_amargor":"8-70","ft_nivel_amargor":"Amargor 5","ft_atributos":[{"ft_nombre_atributo":"Fermentaci\u00f3n","ft_descripcion":"Alta (ALE)","ft_icono":"https:\/\/cervezalasagra.es\/tienda\/wp-content\/uploads\/2021\/05\/ico-fermentacion.png"},{"ft_nombre_atributo":"Contiene Gluten","ft_descripcion":"","ft_icono":"https:\/\/cervezalasagra.es\/tienda\/wp-content\/uploads\/2021\/05\/ico-alergenos.png"},{"ft_nombre_atributo":"T\u00aa de consumo","ft_descripcion":"4 y 6 C\u00ba","ft_icono":"https:\/\/cervezalasagra.es\/tienda\/wp-content\/uploads\/2021\/05\/ico-consumo.png"},{"ft_nombre_atributo":"Por 100 ml","ft_descripcion":"193 kJ \/ 46 kcal","ft_icono":"https:\/\/cervezalasagra.es\/tienda\/wp-content\/uploads\/2021\/05\/ico-nutricional.png"},{"ft_nombre_atributo":"Color","ft_descripcion":"Castiza: Anaranjado; Criolla: Cobrizo; Flanders: Pajizo; India: Anarajado Intenso; Suxinsu: Caf\u00e9","ft_icono":"https:\/\/cervezalasagra.es\/tienda\/wp-content\/uploads\/2021\/05\/ico-color.png"},{"ft_nombre_atributo":"Aroma","ft_descripcion":"Castiza: Frutal; Criolla: Frutal; Flanders: Afrutado y especiado; India: Lupulado intenso, c\u00edtrico; Suxinsu: Chocolate, caramelo","ft_icono":"https:\/\/cervezalasagra.es\/tienda\/wp-content\/uploads\/2021\/05\/ico-aroma.png"}],"ft_imagen_fondo":false,"m_imagen_fondo":"https:\/\/cervezalasagra.es\/tienda\/wp-content\/uploads\/2021\/06\/Maridaje-Carnes_Legumbres_Asados.jpg","m_titulo":"\u00bfC\u00f3mo combinarlo?","m_alimentos":[{"m_nombre_alimento":"Carnes Rojas","m_icono_alimento":"https:\/\/cervezalasagra.es\/tienda\/wp-content\/uploads\/2021\/06\/Icono-Maridaje-CarnesRojas.png"},{"m_nombre_alimento":"Legumbres","m_icono_alimento":"https:\/\/cervezalasagra.es\/tienda\/wp-content\/uploads\/2021\/06\/Icono-Maridaje-Legrumbres.png"},{"m_nombre_alimento":"Asados","m_icono_alimento":"https:\/\/cervezalasagra.es\/tienda\/wp-content\/uploads\/2021\/06\/Icono-Maridaje-Asados.png"}],"pr_separador":false,"pr_titulo":"No te quedes sin probar...","b_separador":false,"b_titulo":"","b_imagen_1":false,"b_imagen_2":false,"b_imagen_3":false},"jetpack_sharing_enabled":true,"_links":{"self":[{"href":"https:\/\/cervezalasagra.es\/tienda\/wp-json\/wp\/v2\/product\/12345","targetHints":{"allow":["GET"]}}],"collection":[{"href":"https:\/\/cervezalasagra.es\/tienda\/wp-json\/wp\/v2\/product"}],"about":[{"href":"https:\/\/cervezalasagra.es\/tienda\/wp-json\/wp\/v2\/types\/product"}],"replies":[{"embeddable":true,"href":"https:\/\/cervezalasagra.es\/tienda\/wp-json\/wp\/v2\/comments?post=12345"}],"wp:featuredmedia":[{"embeddable":true,"href":"https:\/\/cervezalasagra.es\/tienda\/wp-json\/wp\/v2\/media\/25890"}],"wp:attachment":[{"href":"https:\/\/cervezalasagra.es\/tienda\/wp-json\/wp\/v2\/media?parent=12345"}],"wp:term":[{"taxonomy":"product_brand","embeddable":true,"href":"https:\/\/cervezalasagra.es\/tienda\/wp-json\/wp\/v2\/product_brand?post=12345"},{"taxonomy":"product_cat","embeddable":true,"href":"https:\/\/cervezalasagra.es\/tienda\/wp-json\/wp\/v2\/product_cat?post=12345"},{"taxonomy":"product_tag","embeddable":true,"href":"https:\/\/cervezalasagra.es\/tienda\/wp-json\/wp\/v2\/product_tag?post=12345"}],"curies":[{"name":"wp","href":"https:\/\/api.w.org\/{rel}","templated":true}]}}