{"id":12372,"date":"2015-05-01T01:16:34","date_gmt":"2015-05-01T00:16:34","guid":{"rendered":"https:\/\/cervezalasagra.es\/tienda\/?post_type=product&#038;p=12372"},"modified":"2026-04-09T11:53:29","modified_gmt":"2026-04-09T09:53:29","slug":"la-sagra-00-24-botellas-botella-33-cl-00-vol","status":"publish","type":"product","link":"https:\/\/cervezalasagra.es\/tienda\/la-sagra-00-24-botellas-botella-33-cl-00-vol\/","title":{"rendered":"LA SAGRA 0,0 <\/br> <span>24 botellas 33 cl &#8211; 0,0% vol.<\/span>"},"content":{"rendered":"<p>LA SAGRA 0,0 &#8211;\u00a0 Lager \/ Botella 33cl<\/p>\n<p><span style=\"color: #000000;\"><strong>Gastos de env\u00edo GRATIS<\/strong><\/span><\/p>\n","protected":false},"excerpt":{"rendered":"<p>Nuestra excelente cerveza sin alcohol, reconocida internacionalmente con la medalla de plata en la London Beer Competition. Su proceso de elaboraci\u00f3n elimina el alcohol de la cerveza respetando su integridad y la multitud de matices que son percibidos tanto en boca como en<br \/>\nnariz. La variedad perfecta para todos aquellos que no consumen alcohol; pero que no por ello est\u00e1n dispuestos a renunciar al sabor que tanto nos distingue.<\/p>\n<p><b data-stringify-type=\"bold\">GASTOS DE ENV\u00cdO GRATIS<\/b><\/p>\n<p style=\"font-size: 10px;\">* Precio\/Litro: Pack 24 Botellas: 3,27\u20ac<\/p>\n","protected":false},"featured_media":25336,"comment_status":"open","ping_status":"closed","template":"","meta":{"_acf_changed":false},"product_brand":[],"product_cat":[66,63,499,498],"product_tag":[236,242,241,240],"class_list":{"0":"post-12372","1":"product","2":"type-product","3":"status-publish","4":"has-post-thumbnail","6":"product_cat-artesanales","7":"product_cat-cervezas-la-sagra","8":"product_cat-la-sagra-nuestras-cervezas","9":"product_cat-nuestras-cervezas","10":"product_tag-cerveza","11":"product_tag-cerveza-criolla","12":"product_tag-roja","13":"product_tag-sagra","14":"pa_alc-00-vol","15":"pa_estilo-33-lager","16":"pa_formato-8a-botella33cl","17":"pa_informacionnutricional-100-ml-117-28-kcal","18":"pa_ingredientes-agua-malta-de-cebada-azucar-dioxido-de-carbono-aroma-natural-lupulo-y-extracto-de-lupulo","19":"pa_mantenimiento-d1-conservarenlugarlimpio_fre","20":"pa_temperaturadeconsumo-a1-4_6c","21":"pa_unidades-46-caja24udsx33cl","24":"instock","25":"taxable","26":"shipping-taxable","27":"purchasable","28":"product-type-simple"},"booking_location":null,"booking_location_type":null,"booking_duration":null,"booking_duration_unit":null,"booking_buffer":null,"booking_cost":null,"booking_resources":null,"acf":{"imagen_pagos":false,"ft_tipo":"Lager","ft_alcohol":"0,0","ft_botellas":"1 Botella","ft_amargor":"11","ft_nivel_amargor":"Amargor 1","ft_atributos":[{"ft_nombre_atributo":"Fermentaci\u00f3n","ft_descripcion":"Baja (LAGER)","ft_icono":"https:\/\/cervezalasagra.es\/tienda\/wp-content\/uploads\/2021\/05\/ico-fermentacion.png"},{"ft_nombre_atributo":"Ingredientes","ft_descripcion":"Agua, <strong>malta de cebada<\/strong>, az\u00facar, di\u00f3xido de carbono, aroma natural, l\u00fapulo y extracto de l\u00fapulo.","ft_icono":"https:\/\/cervezalasagra.es\/tienda\/wp-content\/uploads\/2021\/05\/ico-ingredientes.png"},{"ft_nombre_atributo":"Contiene Gluten","ft_descripcion":"","ft_icono":"https:\/\/cervezalasagra.es\/tienda\/wp-content\/uploads\/2021\/05\/ico-alergenos.png"},{"ft_nombre_atributo":"T\u00aa de consumo","ft_descripcion":"4 y 6 C\u00ba","ft_icono":"https:\/\/cervezalasagra.es\/tienda\/wp-content\/uploads\/2021\/05\/ico-consumo.png"},{"ft_nombre_atributo":"Por 100 ml","ft_descripcion":"Energ\u00eda: 117 kJ \/ 28 Kcal <br><br> Grasas: <0,60 g<br>- de las cuales, saturadas: <0,10g <br><br> Hidratos de Carbono: 5,00 g<br> - de los cuales, az\u00facares: 1,70 g <br><br> Prote\u00ednas: 0,60 g <br><br> Sal: <0,01 g","ft_icono":"https:\/\/cervezalasagra.es\/tienda\/wp-content\/uploads\/2021\/05\/ico-nutricional.png"},{"ft_nombre_atributo":"Color","ft_descripcion":"Dorado, tono cristalino y espuma abundante","ft_icono":"https:\/\/cervezalasagra.es\/tienda\/wp-content\/uploads\/2021\/05\/ico-color.png"},{"ft_nombre_atributo":"Aroma","ft_descripcion":"Maltoso y floral","ft_icono":"https:\/\/cervezalasagra.es\/tienda\/wp-content\/uploads\/2021\/05\/ico-aroma.png"},{"ft_nombre_atributo":"Gusto","ft_descripcion":"Cuerpo ligero, sabor amargo, notas lupuladas y final dulce","ft_icono":"https:\/\/cervezalasagra.es\/tienda\/wp-content\/uploads\/2023\/05\/gusto-e1684323297333.png"}],"ft_imagen_fondo":false,"m_imagen_fondo":"https:\/\/cervezalasagra.es\/tienda\/wp-content\/uploads\/2021\/08\/Maridaje-Pescados_Ensalada_Fritos.jpg","m_titulo":"\u00bfC\u00f3mo combinarlo?","m_alimentos":[{"m_nombre_alimento":"Aperitivos","m_icono_alimento":"https:\/\/cervezalasagra.es\/tienda\/wp-content\/uploads\/2021\/08\/Icono-Maridaje-Aperitivos-1.png"},{"m_nombre_alimento":"Pescados y mariscos","m_icono_alimento":"https:\/\/cervezalasagra.es\/tienda\/wp-content\/uploads\/2021\/08\/Icono-Maridaje-Pescado-yMarisco.png"},{"m_nombre_alimento":"Ensaladas","m_icono_alimento":"https:\/\/cervezalasagra.es\/tienda\/wp-content\/uploads\/2021\/08\/Icono-Maridaje-Ensaladas.png"},{"m_nombre_alimento":"Fritos","m_icono_alimento":"https:\/\/cervezalasagra.es\/tienda\/wp-content\/uploads\/2021\/08\/Icono-Maridaje-Fritos.png"}],"pr_separador":false,"pr_titulo":"No te quedes sin probar...","b_separador":false,"b_titulo":"","b_imagen_1":false,"b_imagen_2":false,"b_imagen_3":false},"jetpack_sharing_enabled":true,"_links":{"self":[{"href":"https:\/\/cervezalasagra.es\/tienda\/wp-json\/wp\/v2\/product\/12372","targetHints":{"allow":["GET"]}}],"collection":[{"href":"https:\/\/cervezalasagra.es\/tienda\/wp-json\/wp\/v2\/product"}],"about":[{"href":"https:\/\/cervezalasagra.es\/tienda\/wp-json\/wp\/v2\/types\/product"}],"replies":[{"embeddable":true,"href":"https:\/\/cervezalasagra.es\/tienda\/wp-json\/wp\/v2\/comments?post=12372"}],"wp:featuredmedia":[{"embeddable":true,"href":"https:\/\/cervezalasagra.es\/tienda\/wp-json\/wp\/v2\/media\/25336"}],"wp:attachment":[{"href":"https:\/\/cervezalasagra.es\/tienda\/wp-json\/wp\/v2\/media?parent=12372"}],"wp:term":[{"taxonomy":"product_brand","embeddable":true,"href":"https:\/\/cervezalasagra.es\/tienda\/wp-json\/wp\/v2\/product_brand?post=12372"},{"taxonomy":"product_cat","embeddable":true,"href":"https:\/\/cervezalasagra.es\/tienda\/wp-json\/wp\/v2\/product_cat?post=12372"},{"taxonomy":"product_tag","embeddable":true,"href":"https:\/\/cervezalasagra.es\/tienda\/wp-json\/wp\/v2\/product_tag?post=12372"}],"curies":[{"name":"wp","href":"https:\/\/api.w.org\/{rel}","templated":true}]}}