{"id":13254,"date":"2021-11-29T13:50:42","date_gmt":"2021-11-29T12:50:42","guid":{"rendered":"https:\/\/cervezalasagra.es\/tienda\/?post_type=product&#038;p=13254"},"modified":"2026-04-29T18:40:27","modified_gmt":"2026-04-29T16:40:27","slug":"la-sagra-premium-lager-botella-20-cl-50-vol","status":"publish","type":"product","link":"https:\/\/cervezalasagra.es\/tienda\/la-sagra-premium-lager-botella-20-cl-50-vol\/","title":{"rendered":"LA SAGRA MINI<\/br> <span>botella 20 cl &#8211; 5,0% vol.<\/span>"},"content":{"rendered":"<style>\n.variations{<br \/>display: none !important;<br \/>}<br \/>.entry-summary .woocommerce-variation-price > .price.a4 > del > span{<br \/>text-decoration: none !important;<br \/>}<br \/><\/style>\n<p>LA SAGRA Bohemia &#8211; Lager \/ Botella 20cl<\/p>\n<p>De color dorado, espuma firme, aroma lupulado y amargor gradual con final maltoso ligero. 100% malta de cebada.<\/p>\n<p>&nbsp;<\/p>\n","protected":false},"excerpt":{"rendered":"<p>La cerveza que lleva nuestro nombre y representa lo mejor de nuestros valores. Elaborada aunando tradici\u00f3n e innovaci\u00f3n, respetando la calidad de sus ingredientes naturales: agua, malta 100% de cebada, l\u00fapulo y levadura. Su sabor suave, pero con personalidad, le permite ser disfrutada por todos. Premiada en los World Beer Awards con dos medallas de oro en su estilo, que la distinguen como la mejor cerveza a nivel mundial y nacional.<\/p>\n<p><b data-stringify-type=\"bold\">GASTOS DE ENV\u00cdO GRATIS<\/b><\/p>\n<p style=\"font-size: 10px;\">* Precio\/Litro: Pack 30 Botellas: 3,41\u20ac litro<\/p>\n","protected":false},"featured_media":35450,"comment_status":"open","ping_status":"closed","template":"","meta":{"_acf_changed":false,"inline_featured_image":false},"product_brand":[],"product_cat":[66,463,63,499,498],"product_tag":[423,236,380,358,413,237,381,238,425,240],"class_list":{"0":"post-13254","1":"product","2":"type-product","3":"status-publish","4":"has-post-thumbnail","6":"product_cat-artesanales","7":"product_cat-cervezas-en-suscripcion","8":"product_cat-cervezas-la-sagra","9":"product_cat-la-sagra-nuestras-cervezas","10":"product_cat-nuestras-cervezas","11":"product_tag-bohemia","12":"product_tag-cerveza","13":"product_tag-cerveza-artesana","14":"product_tag-cerveza-la-sagra","15":"product_tag-cerveza-lager","16":"product_tag-cerveza-premium","17":"product_tag-cerveza-rubia","18":"product_tag-la-sagra","19":"product_tag-la-sagra-bohemia","20":"product_tag-sagra","21":"pa_alc-aa-5_0vol","22":"pa_estilo-33-lager","23":"pa_formato-botella-20cl","24":"pa_informacionnutricional-173-kj-42-kcal","25":"pa_ingredientes-b1-agua_maltadecebada_lupuloy","26":"pa_mantenimiento-d1-conservarenlugarlimpio_fre","27":"pa_temperaturadeconsumo-a1-4_6c","28":"pa_unidades-caja-30-uds-x-20-cl","29":"has-subscription-plans","32":"onbackorder","33":"taxable","34":"shipping-taxable","35":"purchasable","36":"product-type-simple"},"booking_location":null,"booking_location_type":null,"booking_duration":null,"booking_duration_unit":null,"booking_buffer":null,"booking_cost":null,"booking_resources":null,"acf":[],"_links":{"self":[{"href":"https:\/\/cervezalasagra.es\/tienda\/wp-json\/wp\/v2\/product\/13254","targetHints":{"allow":["GET"]}}],"collection":[{"href":"https:\/\/cervezalasagra.es\/tienda\/wp-json\/wp\/v2\/product"}],"about":[{"href":"https:\/\/cervezalasagra.es\/tienda\/wp-json\/wp\/v2\/types\/product"}],"replies":[{"embeddable":true,"href":"https:\/\/cervezalasagra.es\/tienda\/wp-json\/wp\/v2\/comments?post=13254"}],"wp:featuredmedia":[{"embeddable":true,"href":"https:\/\/cervezalasagra.es\/tienda\/wp-json\/wp\/v2\/media\/35450"}],"wp:attachment":[{"href":"https:\/\/cervezalasagra.es\/tienda\/wp-json\/wp\/v2\/media?parent=13254"}],"wp:term":[{"taxonomy":"product_brand","embeddable":true,"href":"https:\/\/cervezalasagra.es\/tienda\/wp-json\/wp\/v2\/product_brand?post=13254"},{"taxonomy":"product_cat","embeddable":true,"href":"https:\/\/cervezalasagra.es\/tienda\/wp-json\/wp\/v2\/product_cat?post=13254"},{"taxonomy":"product_tag","embeddable":true,"href":"https:\/\/cervezalasagra.es\/tienda\/wp-json\/wp\/v2\/product_tag?post=13254"}],"curies":[{"name":"wp","href":"https:\/\/api.w.org\/{rel}","templated":true}]}}