{"id":16052,"date":"2022-07-01T08:45:57","date_gmt":"2022-07-01T07:45:57","guid":{"rendered":"https:\/\/cervezalasagra.es\/tienda\/?post_type=product&#038;p=16052"},"modified":"2026-03-01T18:04:38","modified_gmt":"2026-03-01T17:04:38","slug":"pack-lasagra-cubo","status":"publish","type":"product","link":"https:\/\/cervezalasagra.es\/tienda\/pack-lasagra-cubo\/","title":{"rendered":"Pack LA SAGRA + cubo<br><span>12 botellas 20 cl + cubo<\/span>"},"content":{"rendered":"<p>LA SAGRA Bohemia &#8211; Lager \/ Botella 20cl<\/p>\n<p>De color dorado, espuma firme, aroma lupulado y amargor gradual con final maltoso ligero. 100% malta de cebada.<\/p>\n<p>&nbsp;<\/p>\n","protected":false},"excerpt":{"rendered":"<div>\n<div>Este pack contiene el secreto para hacer que tus planes sean muy pero que muy refrescantes. Llena tu cubo de hielo, coloca unos botellines LA SAGRA dentro, ac\u00e9rcalo a la mesa y disfruta de unas cervezas LA SAGRA bien fr\u00edas en la mejor compa\u00f1\u00eda.<\/div>\n<\/div>\n","protected":false},"featured_media":25384,"comment_status":"open","ping_status":"closed","template":"","meta":{"_acf_changed":false},"product_brand":[],"product_cat":[66,63,65],"product_tag":[423,236,380,358,413,237,381,238,425,240],"class_list":{"0":"post-16052","1":"product","2":"type-product","3":"status-publish","4":"has-post-thumbnail","6":"product_cat-artesanales","7":"product_cat-cervezas-la-sagra","8":"product_cat-elige-tu-pack","9":"product_tag-bohemia","10":"product_tag-cerveza","11":"product_tag-cerveza-artesana","12":"product_tag-cerveza-la-sagra","13":"product_tag-cerveza-lager","14":"product_tag-cerveza-premium","15":"product_tag-cerveza-rubia","16":"product_tag-la-sagra","17":"product_tag-la-sagra-bohemia","18":"product_tag-sagra","19":"pa_alc-aa-5_0vol","20":"pa_estilo-33-lager","21":"pa_formato-8a-botella33cl","22":"pa_informacionnutricional-83-100ml170kj40kcal","23":"pa_ingredientes-b1-agua_maltadecebada_lupuloy","24":"pa_mantenimiento-d1-conservarenlugarlimpio_fre","25":"pa_temperaturadeconsumo-a1-4_6c","26":"pa_unidades-46-caja24udsx33cl","29":"onbackorder","30":"taxable","31":"shipping-taxable","32":"purchasable","33":"product-type-simple"},"booking_location":null,"booking_location_type":null,"booking_duration":null,"booking_duration_unit":null,"booking_buffer":null,"booking_cost":null,"booking_resources":null,"acf":{"imagen_pagos":false,"ft_tipo":"Lager","ft_alcohol":"5,2","ft_botellas":"2 Botella","ft_amargor":"11","ft_nivel_amargor":"Amargor 1","ft_atributos":[{"ft_nombre_atributo":"Fermentaci\u00f3n","ft_descripcion":"Baja (LAGER)","ft_icono":"https:\/\/cervezalasagra.es\/tienda\/wp-content\/uploads\/2021\/05\/ico-fermentacion.png"},{"ft_nombre_atributo":"Ingredientes","ft_descripcion":"Agua, <strong>malta de cebada<\/strong>,  <strong>cebada<\/strong>, l\u00fapulo y levadura","ft_icono":"https:\/\/cervezalasagra.es\/tienda\/wp-content\/uploads\/2021\/05\/ico-ingredientes.png"},{"ft_nombre_atributo":"Contiene gluten","ft_descripcion":"","ft_icono":"https:\/\/cervezalasagra.es\/tienda\/wp-content\/uploads\/2021\/05\/ico-alergenos.png"},{"ft_nombre_atributo":"T\u00aa de consumo","ft_descripcion":"4-6\u00baC","ft_icono":"https:\/\/cervezalasagra.es\/tienda\/wp-content\/uploads\/2021\/05\/ico-consumo.png"},{"ft_nombre_atributo":"Por 100 ml","ft_descripcion":"182 kJ \/ 44 kcal","ft_icono":"https:\/\/cervezalasagra.es\/tienda\/wp-content\/uploads\/2021\/05\/ico-nutricional.png"},{"ft_nombre_atributo":"Color","ft_descripcion":"Dorado","ft_icono":"https:\/\/cervezalasagra.es\/tienda\/wp-content\/uploads\/2021\/05\/ico-color.png"},{"ft_nombre_atributo":"Aroma","ft_descripcion":"Lupulado suave","ft_icono":"https:\/\/cervezalasagra.es\/tienda\/wp-content\/uploads\/2021\/05\/ico-aroma.png"},{"ft_nombre_atributo":"","ft_descripcion":"","ft_icono":false}],"ft_imagen_fondo":false,"m_imagen_fondo":"https:\/\/cervezalasagra.es\/tienda\/wp-content\/uploads\/2021\/08\/Maridaje-Pescados_Ensalada_Fritos.jpg","m_titulo":"\u00bfC\u00f3mo combinarlo?","m_alimentos":[{"m_nombre_alimento":"Aperitivos","m_icono_alimento":"https:\/\/cervezalasagra.es\/tienda\/wp-content\/uploads\/2021\/08\/Icono-Maridaje-Aperitivos-1.png"},{"m_nombre_alimento":"Pescados y mariscos","m_icono_alimento":"https:\/\/cervezalasagra.es\/tienda\/wp-content\/uploads\/2021\/08\/Icono-Maridaje-Pescado-yMarisco.png"},{"m_nombre_alimento":"Ensaladas","m_icono_alimento":"https:\/\/cervezalasagra.es\/tienda\/wp-content\/uploads\/2021\/08\/Icono-Maridaje-Ensaladas.png"},{"m_nombre_alimento":"Fritos","m_icono_alimento":"https:\/\/cervezalasagra.es\/tienda\/wp-content\/uploads\/2021\/08\/Icono-Maridaje-Fritos.png"}],"pr_separador":false,"pr_titulo":"No te quedes sin probar...","b_separador":false,"b_titulo":"","b_imagen_1":false,"b_imagen_2":false,"b_imagen_3":false},"jetpack_sharing_enabled":true,"_links":{"self":[{"href":"https:\/\/cervezalasagra.es\/tienda\/wp-json\/wp\/v2\/product\/16052","targetHints":{"allow":["GET"]}}],"collection":[{"href":"https:\/\/cervezalasagra.es\/tienda\/wp-json\/wp\/v2\/product"}],"about":[{"href":"https:\/\/cervezalasagra.es\/tienda\/wp-json\/wp\/v2\/types\/product"}],"replies":[{"embeddable":true,"href":"https:\/\/cervezalasagra.es\/tienda\/wp-json\/wp\/v2\/comments?post=16052"}],"wp:featuredmedia":[{"embeddable":true,"href":"https:\/\/cervezalasagra.es\/tienda\/wp-json\/wp\/v2\/media\/25384"}],"wp:attachment":[{"href":"https:\/\/cervezalasagra.es\/tienda\/wp-json\/wp\/v2\/media?parent=16052"}],"wp:term":[{"taxonomy":"product_brand","embeddable":true,"href":"https:\/\/cervezalasagra.es\/tienda\/wp-json\/wp\/v2\/product_brand?post=16052"},{"taxonomy":"product_cat","embeddable":true,"href":"https:\/\/cervezalasagra.es\/tienda\/wp-json\/wp\/v2\/product_cat?post=16052"},{"taxonomy":"product_tag","embeddable":true,"href":"https:\/\/cervezalasagra.es\/tienda\/wp-json\/wp\/v2\/product_tag?post=16052"}],"curies":[{"name":"wp","href":"https:\/\/api.w.org\/{rel}","templated":true}]}}