{"id":20038,"date":"2023-03-08T17:35:49","date_gmt":"2023-03-08T16:35:49","guid":{"rendered":"https:\/\/cervezalasagra.es\/tienda\/?post_type=product&#038;p=20038"},"modified":"2025-10-30T04:59:30","modified_gmt":"2025-10-30T03:59:30","slug":"reservar-visita-la-sagra","status":"publish","type":"product","link":"https:\/\/cervezalasagra.es\/tienda\/reservar-visita-la-sagra\/","title":{"rendered":"Reservar visita a LA SAGRA"},"content":{"rendered":"<p><script>\nfunction createFooterText(name) {\n    let parrafo = document.createElement('p');\n    parrafo.textContent = name;\n    \/*li.addEventListener(\"click\", function () {\n      \/\/alert(\"Button is clicked\");\n      window.location.href = \"\/\";\n    });*\/\n    return parrafo;\n}\n\/\/ get the ul#menu\nconst nota = document.querySelector('.tour .product_meta');\n\/\/ add menu item\nnota.appendChild(createFooterText('Devoluci\u00f3n gratuita para cancelaciones comunicadas dentro del periodo comprendido entre la fecha en que se realiz\u00f3 la reserva y los 15 d\u00edas anteriores a la celebraci\u00f3n de la misma. La devoluci\u00f3n del importe se realizar\u00e1 de manera \u00edntegra dentro de los 7 posteriores (aproximadamente) a la comunicaci\u00f3n de la anulaci\u00f3n de la reserva por el mismo m\u00e9todo de pago.'));\n<\/script><\/p>\n","protected":false},"excerpt":{"rendered":"<p>\u00bfEst\u00e1s buscando algo diferente? Ven a visitar la <strong>f\u00e1brica de LA SAGRA<\/strong> y descubre el origen m\u00e1s puro de nuestra esencia. Un recorrido por el proceso de elaboraci\u00f3n de algunas de las mejores cervezas a manos de nuestros <strong>Maestros de la Fusi\u00f3n<\/strong>. Y no todo va a ser teor\u00eda, la experiencia tambi\u00e9n incluye una <strong>cata de 6 estilos diferentes de LA SAGRA<\/strong> acompa\u00f1adas de un peque\u00f1o aperitivo.<\/p>\n<ul>\n<li>Tour guiado por la f\u00e1brica de aprox 45&#8242; de duraci\u00f3n<\/li>\n<li>Cata explicativa de 6 cervezas (10 cl) de aprox 45&#8242; de duraci\u00f3n: LA SAGRA, Doble Malta, India, Flanders, Criolla y Suxinsu<\/li>\n<li><strong>Horario:<\/strong> viernes a las 18 h.<\/li>\n<\/ul>\n<p><a class=\"btn-normas tm-vc_general tm-vc_btn3 tm-vc_btn3-size-lg tm-vc_btn3-shape-square tm-vc_btn3-style-flat tm-vc_btn3-weight-yes tm-vc_btn3-icon-left\" title=\"\" href=\"https:\/\/cervezalasagra.es\/tienda\/wp-content\/uploads\/2025\/08\/PRL10-A01-Normas-a-seguir-Visitas-Fabrica-v4_ESPEN.pdf\" target=\"_blank\" rel=\"noopener\"><i class=\"tm-vc_btn3-icon fa fa-file-pdf-o\"><\/i> NORMAS PARA VISITANTES<\/a><\/p>\n<p class=\"small\">La compra de la visita implica el cumplimiento de las normas para visitantes que contiene esta web, pudiendo LA SAGRA reservarse el derecho de admisi\u00f3n de no hacerlo cualquiera de los visitantes.<\/p>\n<p><strong>\u00bfQuieres invitar a alguien especial?<\/strong><br \/>\nPara solicitar una <strong>tarjeta de regalo<\/strong> ponte en contacto con nosotros en <a href=\"mailto:tiendaonline@lasagra-molsoncoors.es\">tiendaonline@lasagra-molsoncoors.es<\/a>.<br \/>\n<em>Para poder solicitar esta tarjeta de regalo es necesario hacer previamente la reserva.<\/em><\/p>\n","protected":false},"featured_media":20074,"comment_status":"closed","ping_status":"closed","template":"","meta":{"_acf_changed":false},"product_brand":[],"product_cat":[15],"product_tag":[],"class_list":{"0":"post-20038","1":"product","2":"type-product","3":"status-publish","4":"has-post-thumbnail","6":"product_cat-sin-categorizar","9":"instock","10":"virtual","11":"sold-individually","12":"taxable","13":"purchasable","14":"product-type-booking"},"booking_location":"","booking_location_type":"","booking_duration":1,"booking_duration_unit":"hour","booking_buffer":0,"booking_cost":8.2599999999999998,"booking_resources":[],"acf":{"ft_tipo":"","ft_alcohol":"","ft_botellas":"1 Botella","ft_amargor":"","ft_nivel_amargor":"Amargor 1","ft_atributos":false,"ft_imagen_fondo":false,"m_imagen_fondo":false,"m_titulo":"","m_alimentos":false,"pr_separador":false,"pr_titulo":""},"jetpack_sharing_enabled":true,"_links":{"self":[{"href":"https:\/\/cervezalasagra.es\/tienda\/wp-json\/wp\/v2\/product\/20038","targetHints":{"allow":["GET"]}}],"collection":[{"href":"https:\/\/cervezalasagra.es\/tienda\/wp-json\/wp\/v2\/product"}],"about":[{"href":"https:\/\/cervezalasagra.es\/tienda\/wp-json\/wp\/v2\/types\/product"}],"replies":[{"embeddable":true,"href":"https:\/\/cervezalasagra.es\/tienda\/wp-json\/wp\/v2\/comments?post=20038"}],"wp:featuredmedia":[{"embeddable":true,"href":"https:\/\/cervezalasagra.es\/tienda\/wp-json\/wp\/v2\/media\/20074"}],"wp:attachment":[{"href":"https:\/\/cervezalasagra.es\/tienda\/wp-json\/wp\/v2\/media?parent=20038"}],"wp:term":[{"taxonomy":"product_brand","embeddable":true,"href":"https:\/\/cervezalasagra.es\/tienda\/wp-json\/wp\/v2\/product_brand?post=20038"},{"taxonomy":"product_cat","embeddable":true,"href":"https:\/\/cervezalasagra.es\/tienda\/wp-json\/wp\/v2\/product_cat?post=20038"},{"taxonomy":"product_tag","embeddable":true,"href":"https:\/\/cervezalasagra.es\/tienda\/wp-json\/wp\/v2\/product_tag?post=20038"}],"curies":[{"name":"wp","href":"https:\/\/api.w.org\/{rel}","templated":true}]}}