{"id":21264,"date":"2023-07-10T13:19:27","date_gmt":"2023-07-10T11:19:27","guid":{"rendered":"https:\/\/cervezalasagra.es\/tienda\/?post_type=product&#038;p=21264"},"modified":"2026-02-25T10:57:14","modified_gmt":"2026-02-25T09:57:14","slug":"pack-la-sagra-especialidades-x4","status":"publish","type":"product","link":"https:\/\/cervezalasagra.es\/tienda\/pack-la-sagra-especialidades-x4\/","title":{"rendered":"Packs LA SAGRA Especialidades<br> <span>6 packs 4 botellas 33 cl<\/span>"},"content":{"rendered":"<style>\n.variations{<br \/>display: none !important;<br \/>}<br \/>}<br \/><\/style>\n<p>Nuestras cervezas son odas a la fusi\u00f3n, as\u00ed que nuestros packs no pod\u00edan ser menos.<\/p>\n<p>Prep\u00e1rate para brindar con LA SAGRA India, una IPA que no te esperas; LA SAGRA Criolla, una cerveza roja con una combinaci\u00f3n de maltas europeas y l\u00fapulo americano; LA SAGRA Castiza, una rubia que mezcla las mejores maltas espa\u00f1olas y LA SAGRA Flanders, una belga reinterpretada a la espa\u00f1ola. Y para que lo disfrutes a lo grande, te enviamos seis de cada especialidad.<\/p>\n","protected":false},"excerpt":{"rendered":"<p>Nuestras cervezas son odas a la fusi\u00f3n, as\u00ed que nuestros packs no pod\u00edan ser menos.<\/p>\n<p>Prep\u00e1rate para brindar con LA SAGRA India, una IPA que no te esperas; LA SAGRA Criolla, una cerveza roja con una combinaci\u00f3n de maltas europeas y l\u00fapulo americano; LA SAGRA Castiza, una rubia que mezcla las mejores maltas espa\u00f1olas y LA SAGRA Flanders, una belga reinterpretada a la espa\u00f1ola. Y para que lo disfrutes a lo grande, te enviamos seis de cada especialidad.<\/p>\n","protected":false},"featured_media":21598,"comment_status":"open","ping_status":"closed","template":"","meta":{"_acf_changed":false},"product_brand":[],"product_cat":[500,498,65],"product_tag":[],"class_list":{"0":"post-21264","1":"product","2":"type-product","3":"status-publish","4":"has-post-thumbnail","6":"product_cat-la-sagra-especialidades","7":"product_cat-nuestras-cervezas","8":"product_cat-elige-tu-pack","9":"pa_unidades-6packs-4botellas","12":"instock","13":"taxable","14":"shipping-taxable","15":"purchasable","16":"product-type-simple"},"booking_location":null,"booking_location_type":null,"booking_duration":null,"booking_duration_unit":null,"booking_buffer":null,"booking_cost":null,"booking_resources":null,"acf":{"ft_tipo":"Roja, IPA, Castiza, Flanders","ft_alcohol":"5.2-7.2","ft_botellas":"4 Botella","ft_amargor":"13-70","ft_nivel_amargor":"Amargor 5","ft_atributos":[{"ft_nombre_atributo":"Fermentaci\u00f3n","ft_descripcion":"Alta (ALE)","ft_icono":"https:\/\/cervezalasagra.es\/tienda\/wp-content\/uploads\/2021\/05\/ico-fermentacion.png"},{"ft_nombre_atributo":"Contiene Gluten","ft_descripcion":"","ft_icono":"https:\/\/cervezalasagra.es\/tienda\/wp-content\/uploads\/2021\/05\/ico-alergenos.png"},{"ft_nombre_atributo":"T\u00aa de consumo","ft_descripcion":"4 y 6 C\u00ba","ft_icono":"https:\/\/cervezalasagra.es\/tienda\/wp-content\/uploads\/2021\/05\/ico-consumo.png"},{"ft_nombre_atributo":"Por 100 ml","ft_descripcion":"193 kJ \/ 46 kcal -","ft_icono":"https:\/\/cervezalasagra.es\/tienda\/wp-content\/uploads\/2021\/05\/ico-nutricional.png"},{"ft_nombre_atributo":"Color","ft_descripcion":"Criolla: Cobrizo; India: Anarajado Intenso; Flanders: Pajizo; Castiza: Anaranjado","ft_icono":"https:\/\/cervezalasagra.es\/tienda\/wp-content\/uploads\/2021\/05\/ico-color.png"},{"ft_nombre_atributo":"Aroma","ft_descripcion":"Criolla: Frutal; India: Lupulado intenso, c\u00edtrico; Flanders: Afrutado y especiado; Castiza: Frutal","ft_icono":"https:\/\/cervezalasagra.es\/tienda\/wp-content\/uploads\/2021\/05\/ico-aroma.png"}],"ft_imagen_fondo":false,"m_imagen_fondo":false,"m_titulo":"","m_alimentos":false,"pr_separador":false,"pr_titulo":""},"jetpack_sharing_enabled":true,"_links":{"self":[{"href":"https:\/\/cervezalasagra.es\/tienda\/wp-json\/wp\/v2\/product\/21264","targetHints":{"allow":["GET"]}}],"collection":[{"href":"https:\/\/cervezalasagra.es\/tienda\/wp-json\/wp\/v2\/product"}],"about":[{"href":"https:\/\/cervezalasagra.es\/tienda\/wp-json\/wp\/v2\/types\/product"}],"replies":[{"embeddable":true,"href":"https:\/\/cervezalasagra.es\/tienda\/wp-json\/wp\/v2\/comments?post=21264"}],"wp:featuredmedia":[{"embeddable":true,"href":"https:\/\/cervezalasagra.es\/tienda\/wp-json\/wp\/v2\/media\/21598"}],"wp:attachment":[{"href":"https:\/\/cervezalasagra.es\/tienda\/wp-json\/wp\/v2\/media?parent=21264"}],"wp:term":[{"taxonomy":"product_brand","embeddable":true,"href":"https:\/\/cervezalasagra.es\/tienda\/wp-json\/wp\/v2\/product_brand?post=21264"},{"taxonomy":"product_cat","embeddable":true,"href":"https:\/\/cervezalasagra.es\/tienda\/wp-json\/wp\/v2\/product_cat?post=21264"},{"taxonomy":"product_tag","embeddable":true,"href":"https:\/\/cervezalasagra.es\/tienda\/wp-json\/wp\/v2\/product_tag?post=21264"}],"curies":[{"name":"wp","href":"https:\/\/api.w.org\/{rel}","templated":true}]}}