{"id":22165,"date":"2018-12-11T16:24:53","date_gmt":"2018-12-11T15:24:53","guid":{"rendered":"https:\/\/cervezalasagra.es\/tienda\/?post_type=product&#038;p=22165"},"modified":"2025-05-24T10:07:17","modified_gmt":"2025-05-24T08:07:17","slug":"jenga","status":"publish","type":"product","link":"https:\/\/cervezalasagra.es\/tienda\/jenga\/","title":{"rendered":"Jenga"},"content":{"rendered":"","protected":false},"excerpt":{"rendered":"<div><strong>Ll\u00e9vate este Jenga de regalo con tu compra online<\/strong><\/div>\n<div><em>Te regalamos el juego m\u00e1s cl\u00e1sico, para que sigas disfrutando los momentos de siempre, vivi\u00e9ndolos como nunca. Haz tu pedido igual o superior a 35\u20ac en tu tienda online antes del <\/em><em>\u00a0<\/em><strong><em>31\u00a0<\/em><\/strong><em>de octubre.<\/em><\/div>\n","protected":false},"featured_media":22171,"comment_status":"open","ping_status":"closed","template":"","meta":{"_acf_changed":false},"product_brand":[],"product_cat":[486],"product_tag":[],"class_list":{"0":"post-22165","1":"product","2":"type-product","3":"status-publish","4":"has-post-thumbnail","6":"product_cat-merchandising","9":"instock","10":"taxable","11":"shipping-taxable","12":"purchasable","13":"product-type-simple"},"booking_location":null,"booking_location_type":null,"booking_duration":null,"booking_duration_unit":null,"booking_buffer":null,"booking_cost":null,"booking_resources":null,"acf":{"ft_tipo":"","ft_alcohol":"","ft_botellas":"1 Botella","ft_amargor":"","ft_nivel_amargor":"Amargor 1","ft_atributos":false,"ft_imagen_fondo":false,"m_imagen_fondo":false,"m_titulo":"","m_alimentos":false,"pr_separador":false,"pr_titulo":""},"jetpack_sharing_enabled":true,"_links":{"self":[{"href":"https:\/\/cervezalasagra.es\/tienda\/wp-json\/wp\/v2\/product\/22165","targetHints":{"allow":["GET"]}}],"collection":[{"href":"https:\/\/cervezalasagra.es\/tienda\/wp-json\/wp\/v2\/product"}],"about":[{"href":"https:\/\/cervezalasagra.es\/tienda\/wp-json\/wp\/v2\/types\/product"}],"replies":[{"embeddable":true,"href":"https:\/\/cervezalasagra.es\/tienda\/wp-json\/wp\/v2\/comments?post=22165"}],"wp:featuredmedia":[{"embeddable":true,"href":"https:\/\/cervezalasagra.es\/tienda\/wp-json\/wp\/v2\/media\/22171"}],"wp:attachment":[{"href":"https:\/\/cervezalasagra.es\/tienda\/wp-json\/wp\/v2\/media?parent=22165"}],"wp:term":[{"taxonomy":"product_brand","embeddable":true,"href":"https:\/\/cervezalasagra.es\/tienda\/wp-json\/wp\/v2\/product_brand?post=22165"},{"taxonomy":"product_cat","embeddable":true,"href":"https:\/\/cervezalasagra.es\/tienda\/wp-json\/wp\/v2\/product_cat?post=22165"},{"taxonomy":"product_tag","embeddable":true,"href":"https:\/\/cervezalasagra.es\/tienda\/wp-json\/wp\/v2\/product_tag?post=22165"}],"curies":[{"name":"wp","href":"https:\/\/api.w.org\/{rel}","templated":true}]}}