{"id":24616,"date":"2024-06-04T13:09:57","date_gmt":"2024-06-04T11:09:57","guid":{"rendered":"https:\/\/cervezalasagra.es\/tienda\/?post_type=product&#038;p=24616"},"modified":"2026-01-15T13:14:19","modified_gmt":"2026-01-15T12:14:19","slug":"la-sagra-summer-ale","status":"publish","type":"product","link":"https:\/\/cervezalasagra.es\/tienda\/la-sagra-summer-ale\/","title":{"rendered":"LA SAGRA Summer Ale <\/br> <span> 12 o 24 Botellas de 33cl &#8211; 4,4 vol%.<\/span>"},"content":{"rendered":"<p>Una cerveza extremadamente suave, ligera y de cuerpo cremoso. La m\u00e1s refrescante de todas, hecha para saborear el verano. Lleva malta de trigo, l\u00fapulo, c\u00e1scara de lim\u00f3n, cilantro y mucho cari\u00f1o. Su receta ha sido creada por nuestros maestros cerveceros con su mejor saber hacer, inspir\u00e1ndose en la panor\u00e1mica m\u00e1s bonita del mundo: el mirador del Valle de Toledo.<\/p>\n","protected":false},"excerpt":{"rendered":"<p>Una cerveza extremadamente suave, ligera y de cuerpo cremoso. La m\u00e1s refrescante de todas, hecha para saborear el verano. Lleva malta de trigo, l\u00fapulo, c\u00e1scara de lim\u00f3n, cilantro y mucho cari\u00f1o. Su receta ha sido creada por nuestros maestros cerveceros con su mejor saber hacer, inspir\u00e1ndose en la panor\u00e1mica m\u00e1s bonita del mundo: el mirador del Valle de Toledo.<\/p>\n","protected":false},"featured_media":24617,"comment_status":"open","ping_status":"closed","template":"","meta":{"_acf_changed":false},"product_brand":[],"product_cat":[63,501],"product_tag":[],"class_list":{"0":"post-24616","1":"product","2":"type-product","3":"status-publish","4":"has-post-thumbnail","6":"product_cat-cervezas-la-sagra","7":"product_cat-la-sagra-gourmet","8":"pa_unidades-af-caja12udsx33cl","9":"pa_unidades-a2-caja24udsx33cl","12":"instock","13":"sale","14":"taxable","15":"shipping-taxable","16":"purchasable","17":"product-type-variable"},"booking_location":null,"booking_location_type":null,"booking_duration":null,"booking_duration_unit":null,"booking_buffer":null,"booking_cost":null,"booking_resources":null,"acf":{"ft_tipo":"","ft_alcohol":"","ft_botellas":"1 Botella","ft_amargor":"","ft_nivel_amargor":"Amargor 1","ft_atributos":false,"ft_imagen_fondo":false,"m_imagen_fondo":false,"m_titulo":"","m_alimentos":false,"pr_separador":false,"pr_titulo":""},"jetpack_sharing_enabled":true,"_links":{"self":[{"href":"https:\/\/cervezalasagra.es\/tienda\/wp-json\/wp\/v2\/product\/24616","targetHints":{"allow":["GET"]}}],"collection":[{"href":"https:\/\/cervezalasagra.es\/tienda\/wp-json\/wp\/v2\/product"}],"about":[{"href":"https:\/\/cervezalasagra.es\/tienda\/wp-json\/wp\/v2\/types\/product"}],"replies":[{"embeddable":true,"href":"https:\/\/cervezalasagra.es\/tienda\/wp-json\/wp\/v2\/comments?post=24616"}],"wp:featuredmedia":[{"embeddable":true,"href":"https:\/\/cervezalasagra.es\/tienda\/wp-json\/wp\/v2\/media\/24617"}],"wp:attachment":[{"href":"https:\/\/cervezalasagra.es\/tienda\/wp-json\/wp\/v2\/media?parent=24616"}],"wp:term":[{"taxonomy":"product_brand","embeddable":true,"href":"https:\/\/cervezalasagra.es\/tienda\/wp-json\/wp\/v2\/product_brand?post=24616"},{"taxonomy":"product_cat","embeddable":true,"href":"https:\/\/cervezalasagra.es\/tienda\/wp-json\/wp\/v2\/product_cat?post=24616"},{"taxonomy":"product_tag","embeddable":true,"href":"https:\/\/cervezalasagra.es\/tienda\/wp-json\/wp\/v2\/product_tag?post=24616"}],"curies":[{"name":"wp","href":"https:\/\/api.w.org\/{rel}","templated":true}]}}