{"id":26090,"date":"2024-11-18T12:30:35","date_gmt":"2024-11-18T11:30:35","guid":{"rendered":"https:\/\/cervezalasagra.es\/tienda\/?post_type=product&#038;p=26090"},"modified":"2026-03-22T23:57:46","modified_gmt":"2026-03-22T22:57:46","slug":"miel-y-anis-12-o-24-botellas-33-cl-54-vol","status":"publish","type":"product","link":"https:\/\/cervezalasagra.es\/tienda\/miel-y-anis-12-o-24-botellas-33-cl-54-vol\/","title":{"rendered":"Miel y An\u00eds<\/br> <span>12 o 24 Botellas 33 cl &#8211; 6,4% Vol. <\/span>"},"content":{"rendered":"<p>\u00a1El invierno ya tiene sabor propio! Descubre nuestra nueva edici\u00f3n limitada: una cerveza tostada de tono rojizo, elaborada con miel y an\u00eds en grano. Perfecta para disfrutarse despacio, como el invierno mismo. Inspirada en la emblem\u00e1tica Plaza de Zocodover en Toledo, esta cerveza de sabor caramelizado y meloso te envolver\u00e1 desde el primer sorbo.<\/p>\n","protected":false},"excerpt":{"rendered":"<p>\u00a1El invierno ya tiene sabor propio! Descubre nuestra nueva edici\u00f3n limitada: una cerveza tostada de tono rojizo, elaborada con miel y an\u00eds en grano. Perfecta para disfrutarse despacio, como el invierno mismo. Inspirada en la emblem\u00e1tica Plaza de Zocodover en Toledo, esta cerveza de sabor caramelizado y meloso te envolver\u00e1 desde el primer sorbo.<\/p>\n","protected":false},"featured_media":26094,"comment_status":"open","ping_status":"closed","template":"","meta":{"_acf_changed":false},"product_brand":[],"product_cat":[501,498],"product_tag":[],"class_list":{"0":"post-26090","1":"product","2":"type-product","3":"status-publish","4":"has-post-thumbnail","6":"product_cat-la-sagra-gourmet","7":"product_cat-nuestras-cervezas","8":"pa_unidades-af-caja12udsx33cl","9":"pa_unidades-a2-caja24udsx33cl","12":"instock","13":"taxable","14":"shipping-taxable","15":"purchasable","16":"product-type-variable"},"booking_location":null,"booking_location_type":null,"booking_duration":null,"booking_duration_unit":null,"booking_buffer":null,"booking_cost":null,"booking_resources":null,"acf":{"ft_tipo":"Winter Ale","ft_alcohol":"6,4","ft_botellas":"1 Botella","ft_amargor":"11","ft_nivel_amargor":"Amargor 1","ft_atributos":[{"ft_nombre_atributo":"Fermentaci\u00f3n","ft_descripcion":"Alta","ft_icono":"https:\/\/cervezalasagra.es\/tienda\/wp-content\/uploads\/2021\/05\/ico-fermentacion.png"},{"ft_nombre_atributo":"Ingredientes","ft_descripcion":"Agua, malta de cebada, panela, miel (0,14%), l\u00fapulo, an\u00eds (0,07%), levadura.","ft_icono":"https:\/\/cervezalasagra.es\/tienda\/wp-content\/uploads\/2021\/05\/ico-ingredientes.png"},{"ft_nombre_atributo":"ALERGENOS","ft_descripcion":"Cebada","ft_icono":"https:\/\/cervezalasagra.es\/tienda\/wp-content\/uploads\/2021\/05\/ico-alergenos.png"},{"ft_nombre_atributo":"T\u00aa de consumo","ft_descripcion":"4-6\u00baC","ft_icono":"https:\/\/cervezalasagra.es\/tienda\/wp-content\/uploads\/2021\/05\/ico-consumo.png"},{"ft_nombre_atributo":"Por 100 ml","ft_descripcion":"243 kJ \/ 58 kcal.","ft_icono":"https:\/\/cervezalasagra.es\/tienda\/wp-content\/uploads\/2021\/05\/ico-nutricional.png"},{"ft_nombre_atributo":"Vista","ft_descripcion":"\u00c1mbar oscuro.","ft_icono":"https:\/\/cervezalasagra.es\/tienda\/wp-content\/uploads\/2021\/05\/ico-color.png"},{"ft_nombre_atributo":"Aroma","ft_descripcion":"Dulce, meloso y anisado.","ft_icono":"https:\/\/cervezalasagra.es\/tienda\/wp-content\/uploads\/2021\/05\/ico-aroma.png"}],"ft_imagen_fondo":false,"m_imagen_fondo":false,"m_titulo":"","m_alimentos":false,"pr_separador":false,"pr_titulo":""},"jetpack_sharing_enabled":true,"_links":{"self":[{"href":"https:\/\/cervezalasagra.es\/tienda\/wp-json\/wp\/v2\/product\/26090","targetHints":{"allow":["GET"]}}],"collection":[{"href":"https:\/\/cervezalasagra.es\/tienda\/wp-json\/wp\/v2\/product"}],"about":[{"href":"https:\/\/cervezalasagra.es\/tienda\/wp-json\/wp\/v2\/types\/product"}],"replies":[{"embeddable":true,"href":"https:\/\/cervezalasagra.es\/tienda\/wp-json\/wp\/v2\/comments?post=26090"}],"wp:featuredmedia":[{"embeddable":true,"href":"https:\/\/cervezalasagra.es\/tienda\/wp-json\/wp\/v2\/media\/26094"}],"wp:attachment":[{"href":"https:\/\/cervezalasagra.es\/tienda\/wp-json\/wp\/v2\/media?parent=26090"}],"wp:term":[{"taxonomy":"product_brand","embeddable":true,"href":"https:\/\/cervezalasagra.es\/tienda\/wp-json\/wp\/v2\/product_brand?post=26090"},{"taxonomy":"product_cat","embeddable":true,"href":"https:\/\/cervezalasagra.es\/tienda\/wp-json\/wp\/v2\/product_cat?post=26090"},{"taxonomy":"product_tag","embeddable":true,"href":"https:\/\/cervezalasagra.es\/tienda\/wp-json\/wp\/v2\/product_tag?post=26090"}],"curies":[{"name":"wp","href":"https:\/\/api.w.org\/{rel}","templated":true}]}}