{"id":26383,"date":"2024-11-21T16:41:07","date_gmt":"2024-11-21T15:41:07","guid":{"rendered":"https:\/\/cervezalasagra.es\/tienda\/?post_type=product&#038;p=26383"},"modified":"2026-04-18T12:45:27","modified_gmt":"2026-04-18T10:45:27","slug":"packs-degustacion-6-estilos-12-botellas-33-cl","status":"publish","type":"product","link":"https:\/\/cervezalasagra.es\/tienda\/packs-degustacion-6-estilos-12-botellas-33-cl\/","title":{"rendered":"Packs degustaci\u00f3n 6 estilos<br> <span>12 botellas 33 cl<\/span>"},"content":{"rendered":"<p>Sabemos que es dif\u00edcil sorprenderse por un pedido que has hecho t\u00fa mismo, as\u00ed que hemos creado este pack que incluye LA SAGRA Castiza, LA SAGRA Criolla, LA SAGRA Flanders, LA SAGRA India, LA SAGRA Mulata y una cerveza misteriosa, que puede ser una Boh\u00edo, Suxinsu o estacional<\/p>\n","protected":false},"excerpt":{"rendered":"<p>Sabemos que es dif\u00edcil sorprenderse por un pedido que has hecho t\u00fa mismo, as\u00ed que hemos creado este pack que incluye LA SAGRA Castiza, LA SAGRA Criolla, LA SAGRA Flanders, LA SAGRA India, LA SAGRA Mulata y una cerveza misteriosa, que puede ser una Boh\u00edo, Suxinsu o estacional<\/p>\n","protected":false},"featured_media":23875,"comment_status":"open","ping_status":"closed","template":"","meta":{"_acf_changed":false},"product_brand":[],"product_cat":[65],"product_tag":[],"class_list":{"0":"post-26383","1":"product","2":"type-product","3":"status-publish","4":"has-post-thumbnail","6":"product_cat-elige-tu-pack","9":"onbackorder","10":"taxable","11":"shipping-taxable","12":"purchasable","13":"product-type-simple"},"booking_location":null,"booking_location_type":null,"booking_duration":null,"booking_duration_unit":null,"booking_buffer":null,"booking_cost":null,"booking_resources":null,"acf":{"ft_tipo":"Roja, IPA, Castiza, Flanders","ft_alcohol":"5.2-7.2","ft_botellas":"1 Botella","ft_amargor":"13-70","ft_nivel_amargor":"Amargor 5","ft_atributos":false,"ft_imagen_fondo":false,"m_imagen_fondo":false,"m_titulo":"","m_alimentos":false,"pr_separador":false,"pr_titulo":""},"jetpack_sharing_enabled":true,"_links":{"self":[{"href":"https:\/\/cervezalasagra.es\/tienda\/wp-json\/wp\/v2\/product\/26383","targetHints":{"allow":["GET"]}}],"collection":[{"href":"https:\/\/cervezalasagra.es\/tienda\/wp-json\/wp\/v2\/product"}],"about":[{"href":"https:\/\/cervezalasagra.es\/tienda\/wp-json\/wp\/v2\/types\/product"}],"replies":[{"embeddable":true,"href":"https:\/\/cervezalasagra.es\/tienda\/wp-json\/wp\/v2\/comments?post=26383"}],"wp:featuredmedia":[{"embeddable":true,"href":"https:\/\/cervezalasagra.es\/tienda\/wp-json\/wp\/v2\/media\/23875"}],"wp:attachment":[{"href":"https:\/\/cervezalasagra.es\/tienda\/wp-json\/wp\/v2\/media?parent=26383"}],"wp:term":[{"taxonomy":"product_brand","embeddable":true,"href":"https:\/\/cervezalasagra.es\/tienda\/wp-json\/wp\/v2\/product_brand?post=26383"},{"taxonomy":"product_cat","embeddable":true,"href":"https:\/\/cervezalasagra.es\/tienda\/wp-json\/wp\/v2\/product_cat?post=26383"},{"taxonomy":"product_tag","embeddable":true,"href":"https:\/\/cervezalasagra.es\/tienda\/wp-json\/wp\/v2\/product_tag?post=26383"}],"curies":[{"name":"wp","href":"https:\/\/api.w.org\/{rel}","templated":true}]}}