{"id":28179,"date":"2025-03-05T15:09:26","date_gmt":"2025-03-05T14:09:26","guid":{"rendered":"https:\/\/cervezalasagra.es\/tienda\/?post_type=product&#038;p=28179"},"modified":"2025-12-01T14:13:47","modified_gmt":"2025-12-01T13:13:47","slug":"pack-4-botellas-blue-moon-vaso","status":"publish","type":"product","link":"https:\/\/cervezalasagra.es\/tienda\/pack-4-botellas-blue-moon-vaso\/","title":{"rendered":"PACK 4 BOTELLAS BLUE MOON + VASO"},"content":{"rendered":"<p>Esta cerveza con c\u00e1scara de naranja es un icono de inspiraci\u00f3n americana. S\u00edrvela como se merece en el vaso de la marca y disfruta de las notas de cilantro y el dulzor sutil que hacen \u00fanica a esta cerveza. Dentro de esta caja encontrar\u00e1s 3 packs de 4 botellas Blue Moon con vaso.<\/p>\n","protected":false},"excerpt":{"rendered":"<p>Esta cerveza con c\u00e1scara de naranja es un icono de inspiraci\u00f3n americana. S\u00edrvela como se merece en el vaso de la marca y disfruta de las notas de cilantro y el dulzor sutil que hacen \u00fanica a esta cerveza. Dentro de esta caja encontrar\u00e1s 3 packs de 4 botellas Blue Moon con vaso.<\/p>\n","protected":false},"featured_media":30898,"comment_status":"open","ping_status":"closed","template":"","meta":{"_acf_changed":false},"product_brand":[],"product_cat":[65],"product_tag":[],"class_list":{"0":"post-28179","1":"product","2":"type-product","3":"status-publish","4":"has-post-thumbnail","6":"product_cat-elige-tu-pack","9":"onbackorder","10":"taxable","11":"shipping-taxable","12":"purchasable","13":"product-type-simple"},"booking_location":null,"booking_location_type":null,"booking_duration":null,"booking_duration_unit":null,"booking_buffer":null,"booking_cost":null,"booking_resources":null,"acf":{"ft_tipo":"","ft_alcohol":"","ft_botellas":"1 Botella","ft_amargor":"","ft_nivel_amargor":"Amargor 1","ft_atributos":false,"ft_imagen_fondo":false,"m_imagen_fondo":false,"m_titulo":"","m_alimentos":false,"pr_separador":false,"pr_titulo":""},"jetpack_sharing_enabled":true,"_links":{"self":[{"href":"https:\/\/cervezalasagra.es\/tienda\/wp-json\/wp\/v2\/product\/28179","targetHints":{"allow":["GET"]}}],"collection":[{"href":"https:\/\/cervezalasagra.es\/tienda\/wp-json\/wp\/v2\/product"}],"about":[{"href":"https:\/\/cervezalasagra.es\/tienda\/wp-json\/wp\/v2\/types\/product"}],"replies":[{"embeddable":true,"href":"https:\/\/cervezalasagra.es\/tienda\/wp-json\/wp\/v2\/comments?post=28179"}],"wp:featuredmedia":[{"embeddable":true,"href":"https:\/\/cervezalasagra.es\/tienda\/wp-json\/wp\/v2\/media\/30898"}],"wp:attachment":[{"href":"https:\/\/cervezalasagra.es\/tienda\/wp-json\/wp\/v2\/media?parent=28179"}],"wp:term":[{"taxonomy":"product_brand","embeddable":true,"href":"https:\/\/cervezalasagra.es\/tienda\/wp-json\/wp\/v2\/product_brand?post=28179"},{"taxonomy":"product_cat","embeddable":true,"href":"https:\/\/cervezalasagra.es\/tienda\/wp-json\/wp\/v2\/product_cat?post=28179"},{"taxonomy":"product_tag","embeddable":true,"href":"https:\/\/cervezalasagra.es\/tienda\/wp-json\/wp\/v2\/product_tag?post=28179"}],"curies":[{"name":"wp","href":"https:\/\/api.w.org\/{rel}","templated":true}]}}