{"id":31607,"date":"2025-09-24T16:10:38","date_gmt":"2025-09-24T14:10:38","guid":{"rendered":"https:\/\/cervezalasagra.es\/tienda\/?post_type=product&#038;p=31607"},"modified":"2026-01-29T16:19:49","modified_gmt":"2026-01-29T15:19:49","slug":"pack-cervecero-adviento-20-botellas-4-regalos","status":"publish","type":"product","link":"https:\/\/cervezalasagra.es\/tienda\/pack-cervecero-adviento-20-botellas-4-regalos\/","title":{"rendered":"Pack Cervecero Adviento <\/br> <span>20 botellas + 4 regalos <\/span>"},"content":{"rendered":"<div><strong>Pack de cervezas<\/strong><br \/>\n20 cervezas de 18 estilos diferentes<\/div>\n<ul>\n<li><strong>LA SAGRA ORIGINAL<\/strong> \u2022 Cerveza. Lager. 5,2% vol.<\/li>\n<li><strong>LA SAGRA DOBLE MALTA<\/strong> \u2022 Cerveza Extra. Doble Malta. 6,4% vol.<\/li>\n<li><strong>LA SAGRA TOSTADA 0,0<\/strong> \u2022 Cerveza Sin Alcohol. Amber. 0,0% vol.<\/li>\n<li><strong>LA SAGRA 0,0<\/strong> \u2022 Cerveza Sin Alcohol. Lager. 0,0% vol.<\/li>\n<li><strong>LA SAGRA SIN GLUTEN<\/strong> \u2022 Cerveza. Lager Sin Gluten. 5% vol.<\/li>\n<li><strong>LA SAGRA RADLER<\/strong> \u2022 Clara. Radler con lim\u00f3n natural. 2,6% vol.<\/li>\n<li><strong>LA SAGRA INDIA<\/strong> \u2022 Cerveza Extra. India Pale Ale. 7,2% vol.<\/li>\n<li><strong>LA SAGRA CRIOLLA<\/strong> \u2022 Cerveza Extra. Roja. 6,1% vol.<\/li>\n<li><strong>LA SAGRA CASTIZA<\/strong> \u2022 Cerveza. Rubia. 5,4% vol.<\/li>\n<li><strong>LA SAGRA MULATA<\/strong> \u2022 Cerveza. Negra. 5% vol.<\/li>\n<li><strong>LA SAGRA FLANDERS<\/strong> \u2022 Cerveza. Blanca de Trigo. 5,4% vol.<\/li>\n<li><strong>LA SAGRA BOHIO<\/strong> \u2022 Cerveza Negra Extra. Barley Wine. 10,4% vol.<\/li>\n<li><strong>LA SAGRA SUXINSU<\/strong> \u2022 Cerveza Extra. Tripel Blonde Ale. 9,1% vol.<\/li>\n<li><strong>LA SAGRA SESSION IPA<\/strong> \u2022 Cerveza. Session IPA. 4,5% vol.<\/li>\n<li><strong>LA SAGRA MIEL Y AN\u00cdS<\/strong> \u2022 Cerveza Extra. Winter Ale. 6,1% vol.<\/li>\n<li><strong>LA SAGRA CALABAZA<\/strong> \u2022 Cerveza Extra. Pumpkin Ale. 4,6% vol.<\/li>\n<li><strong>LA SAGRA SUMMER ALE<\/strong> \u2022 Cerveza. Summer Ale. 4,4% vol.<\/li>\n<li><strong>MADR\u00cd Excepcional<\/strong>\u00a0\u2022 Cerveza. European Modern Lager. 4,6% vol.<\/li>\n<\/ul>\n<div><strong>4 Regalos cerveceros<\/strong><br \/>\n4 regalos cerveceros perfectos para disfrutar de las cervezas del pack y del invierno.<\/div>\n","protected":false},"excerpt":{"rendered":"<p><strong>Pack de cervezas<\/strong><\/p>\n<p>20x33cl | 18 estilos | 4 regalos<br \/>\nCerveza LA SAGRA ha preparado este pack de Adviento pensando en que disfrutes de su variedad de cervezas en los d\u00edas anteriores a la llegada de la tan esperada navidad. A trav\u00e9s de \u00e9l, podr\u00e1s descubrir diferentes referencias y estilos cerveceros perfectos para acompa\u00f1ar cada uno de los 24 d\u00edas para los que ha sido ideado: desde una cerveza lager nombrada como la mejor cerveza del mundo en su categor\u00eda, ideal para ser disfrutada en diferentes ocasiones, hasta cervezas de especialidades, pasando por estilos m\u00e1s convencionales como una cerveza doble malta con todo el sabor de nuestra tierra, Toledo, o una radler elaborada con lim\u00f3n natural.<\/p>\n<p>Adem\u00e1s, tambi\u00e9n incluye 4 regalos cerveceros perfectos para disfrutar de las cervezas del pack y del invierno.<\/p>\n","protected":false},"featured_media":31620,"comment_status":"open","ping_status":"closed","template":"","meta":{"_acf_changed":false},"product_brand":[],"product_cat":[65,15],"product_tag":[],"class_list":{"0":"post-31607","1":"product","2":"type-product","3":"status-publish","4":"has-post-thumbnail","6":"product_cat-elige-tu-pack","7":"product_cat-sin-categorizar","10":"outofstock","11":"taxable","12":"shipping-taxable","13":"purchasable","14":"product-type-simple"},"booking_location":null,"booking_location_type":null,"booking_duration":null,"booking_duration_unit":null,"booking_buffer":null,"booking_cost":null,"booking_resources":null,"acf":{"ft_tipo":"","ft_alcohol":"","ft_botellas":"1 Botella","ft_amargor":"","ft_nivel_amargor":"Amargor 1","ft_atributos":false,"ft_imagen_fondo":false,"m_imagen_fondo":false,"m_titulo":"","m_alimentos":false,"pr_separador":false,"pr_titulo":""},"jetpack_sharing_enabled":true,"_links":{"self":[{"href":"https:\/\/cervezalasagra.es\/tienda\/wp-json\/wp\/v2\/product\/31607","targetHints":{"allow":["GET"]}}],"collection":[{"href":"https:\/\/cervezalasagra.es\/tienda\/wp-json\/wp\/v2\/product"}],"about":[{"href":"https:\/\/cervezalasagra.es\/tienda\/wp-json\/wp\/v2\/types\/product"}],"replies":[{"embeddable":true,"href":"https:\/\/cervezalasagra.es\/tienda\/wp-json\/wp\/v2\/comments?post=31607"}],"wp:featuredmedia":[{"embeddable":true,"href":"https:\/\/cervezalasagra.es\/tienda\/wp-json\/wp\/v2\/media\/31620"}],"wp:attachment":[{"href":"https:\/\/cervezalasagra.es\/tienda\/wp-json\/wp\/v2\/media?parent=31607"}],"wp:term":[{"taxonomy":"product_brand","embeddable":true,"href":"https:\/\/cervezalasagra.es\/tienda\/wp-json\/wp\/v2\/product_brand?post=31607"},{"taxonomy":"product_cat","embeddable":true,"href":"https:\/\/cervezalasagra.es\/tienda\/wp-json\/wp\/v2\/product_cat?post=31607"},{"taxonomy":"product_tag","embeddable":true,"href":"https:\/\/cervezalasagra.es\/tienda\/wp-json\/wp\/v2\/product_tag?post=31607"}],"curies":[{"name":"wp","href":"https:\/\/api.w.org\/{rel}","templated":true}]}}