{"id":3906,"date":"2015-05-01T01:10:06","date_gmt":"2015-05-01T00:10:06","guid":{"rendered":"https:\/\/cervezalasagra.es\/tienda\/index.php\/producto\/la-sagra-criolla-roja-61-vol-caja\/"},"modified":"2026-01-12T18:12:51","modified_gmt":"2026-01-12T17:12:51","slug":"la-sagra-criolla-roja-61-vol-caja","status":"publish","type":"product","link":"https:\/\/cervezalasagra.es\/tienda\/la-sagra-criolla-roja-61-vol-caja\/","title":{"rendered":"LA SAGRA Criolla <\/br> <span>12 o 24 botellas 33 cl &#8211; 6,1% vol.<\/span>"},"content":{"rendered":"<p>LA SAGRA Criolla &#8211;\u00a0 Roja \/ Botella 33cl<\/p>\n<p>Elaborada con 7 maltas de cebada, de color rojo cobrizo y cuerpo denso. Con gusto y aroma a frutas, notas caramelizadas y tostadas.<\/p>\n<p><span style=\"color: #000000;\"><strong>Gastos de env\u00edo GRATIS<\/strong><\/span><\/p>\n","protected":false},"excerpt":{"rendered":"<p>No importa de d\u00f3nde venimos, ni donde nacemos, sino quienes somos y a donde vamos. Por eso, el valor de LA SAGRA Criolla es \u00fanico. Su secreto es la fusi\u00f3n de maltas europeas y l\u00fapulo americano, una combinaci\u00f3n perfecta para el paladar que genera una experiencia de otro mundo. Gracias a eso, nuestra cerveza roja ha sido reconocida internacionalmente en el Brussels Beer Challenge en la categor\u00eda <em>Irish Red Ale<\/em>.<\/p>\n<p><b data-stringify-type=\"bold\">GASTOS DE ENV\u00cdO GRATIS<\/b><\/p>\n<p style=\"font-size: 10px;\">* Precio\/Litro: Pack 12 Botellas: 5,15\u20ac<br \/>\n* Precio\/Litro: Pack 24 Botellas: 5,04\u20ac<\/p>\n","protected":false},"featured_media":22704,"comment_status":"open","ping_status":"closed","template":"","meta":{"_acf_changed":false},"product_brand":[],"product_cat":[66,63,500,498],"product_tag":[236,242,241,240],"class_list":{"0":"post-3906","1":"product","2":"type-product","3":"status-publish","4":"has-post-thumbnail","6":"product_cat-artesanales","7":"product_cat-cervezas-la-sagra","8":"product_cat-la-sagra-especialidades","9":"product_cat-nuestras-cervezas","10":"product_tag-cerveza","11":"product_tag-cerveza-criolla","12":"product_tag-roja","13":"product_tag-sagra","14":"pa_alc-35-6_1vol","15":"pa_estilo-38-redale","16":"pa_formato-8a-botella33cl","17":"pa_informacionnutricional-4b-100ml159kj38kcal","18":"pa_ingredientes-8f-agua_100maltadecebada_lupu","19":"pa_mantenimiento-d1-conservarenlugarlimpio_fre","20":"pa_temperaturadeconsumo-a1-4_6c","21":"pa_unidades-af-caja12udsx33cl","22":"pa_unidades-46-caja24udsx33cl","25":"outofstock","26":"taxable","27":"shipping-taxable","28":"purchasable","29":"product-type-variable","30":"has-default-attributes"},"booking_location":null,"booking_location_type":null,"booking_duration":null,"booking_duration_unit":null,"booking_buffer":null,"booking_cost":null,"booking_resources":null,"acf":{"imagen_pagos":false,"ft_tipo":"Roja","ft_alcohol":"6,1","ft_botellas":"3 Botella","ft_amargor":"13","ft_nivel_amargor":"Amargor 1","ft_atributos":[{"ft_nombre_atributo":"Fermentaci\u00f3n","ft_descripcion":"Alta (ALE)","ft_icono":"https:\/\/cervezalasagra.es\/tienda\/wp-content\/uploads\/2021\/05\/ico-fermentacion.png"},{"ft_nombre_atributo":"Ingredientes","ft_descripcion":"Agua, <strong>malta de cebada<\/strong>,  l\u00fapulo y levadura","ft_icono":"https:\/\/cervezalasagra.es\/tienda\/wp-content\/uploads\/2021\/05\/ico-ingredientes.png"},{"ft_nombre_atributo":"Contiene Gluten","ft_descripcion":"","ft_icono":"https:\/\/cervezalasagra.es\/tienda\/wp-content\/uploads\/2021\/05\/ico-alergenos.png"},{"ft_nombre_atributo":"T\u00aa de consumo","ft_descripcion":"4 y 6 C\u00ba","ft_icono":"https:\/\/cervezalasagra.es\/tienda\/wp-content\/uploads\/2021\/05\/ico-consumo.png"},{"ft_nombre_atributo":"Por 100 ml","ft_descripcion":"238 kJ \/ 57 kcal","ft_icono":"https:\/\/cervezalasagra.es\/tienda\/wp-content\/uploads\/2021\/05\/ico-nutricional.png"},{"ft_nombre_atributo":"Vista","ft_descripcion":"Intenso color cobrizo","ft_icono":"https:\/\/cervezalasagra.es\/tienda\/wp-content\/uploads\/2021\/05\/ico-color.png"},{"ft_nombre_atributo":"Olfato","ft_descripcion":"Aroma frutal","ft_icono":"https:\/\/cervezalasagra.es\/tienda\/wp-content\/uploads\/2021\/05\/ico-aroma.png"},{"ft_nombre_atributo":"Gusto","ft_descripcion":"Sabor afrutado con notas caramelizadas y tostadas","ft_icono":"https:\/\/cervezalasagra.es\/tienda\/wp-content\/uploads\/2023\/05\/gusto-e1684323297333.png"}],"ft_imagen_fondo":false,"m_imagen_fondo":"https:\/\/cervezalasagra.es\/tienda\/wp-content\/uploads\/2021\/06\/Maridaje-Carnes_Legumbres_Asados.jpg","m_titulo":"\u00bfC\u00f3mo combinarlo?","m_alimentos":[{"m_nombre_alimento":"Carnes Rojas","m_icono_alimento":"https:\/\/cervezalasagra.es\/tienda\/wp-content\/uploads\/2021\/06\/Icono-Maridaje-CarnesRojas.png"},{"m_nombre_alimento":"Legumbres","m_icono_alimento":"https:\/\/cervezalasagra.es\/tienda\/wp-content\/uploads\/2021\/06\/Icono-Maridaje-Legrumbres.png"},{"m_nombre_alimento":"Asados","m_icono_alimento":"https:\/\/cervezalasagra.es\/tienda\/wp-content\/uploads\/2021\/06\/Icono-Maridaje-Asados.png"}],"pr_separador":false,"pr_titulo":"No te quedes sin probar...","b_separador":false,"b_titulo":"","b_imagen_1":false,"b_imagen_2":false,"b_imagen_3":false},"jetpack_sharing_enabled":true,"_links":{"self":[{"href":"https:\/\/cervezalasagra.es\/tienda\/wp-json\/wp\/v2\/product\/3906","targetHints":{"allow":["GET"]}}],"collection":[{"href":"https:\/\/cervezalasagra.es\/tienda\/wp-json\/wp\/v2\/product"}],"about":[{"href":"https:\/\/cervezalasagra.es\/tienda\/wp-json\/wp\/v2\/types\/product"}],"replies":[{"embeddable":true,"href":"https:\/\/cervezalasagra.es\/tienda\/wp-json\/wp\/v2\/comments?post=3906"}],"wp:featuredmedia":[{"embeddable":true,"href":"https:\/\/cervezalasagra.es\/tienda\/wp-json\/wp\/v2\/media\/22704"}],"wp:attachment":[{"href":"https:\/\/cervezalasagra.es\/tienda\/wp-json\/wp\/v2\/media?parent=3906"}],"wp:term":[{"taxonomy":"product_brand","embeddable":true,"href":"https:\/\/cervezalasagra.es\/tienda\/wp-json\/wp\/v2\/product_brand?post=3906"},{"taxonomy":"product_cat","embeddable":true,"href":"https:\/\/cervezalasagra.es\/tienda\/wp-json\/wp\/v2\/product_cat?post=3906"},{"taxonomy":"product_tag","embeddable":true,"href":"https:\/\/cervezalasagra.es\/tienda\/wp-json\/wp\/v2\/product_tag?post=3906"}],"curies":[{"name":"wp","href":"https:\/\/api.w.org\/{rel}","templated":true}]}}