{"id":3916,"date":"2015-05-01T01:12:23","date_gmt":"2015-05-01T00:12:23","guid":{"rendered":"https:\/\/cervezalasagra.es\/tienda\/index.php\/producto\/la-sagra-india-ipa-72-vol-caja\/"},"modified":"2026-04-27T22:54:17","modified_gmt":"2026-04-27T20:54:17","slug":"la-sagra-india-ipa-72-vol-caja","status":"publish","type":"product","link":"https:\/\/cervezalasagra.es\/tienda\/la-sagra-india-ipa-72-vol-caja\/","title":{"rendered":"LA SAGRA India<\/br> <span>12 o 24 botellas 33 cl &#8211; 7,2% vol.<\/span>"},"content":{"rendered":"<p>LA SAGRA India &#8211; IPA \/ Botella 33cl<\/p>\n<p>De gran amargor, cuerpo afrutado y aroma c\u00edtrico. Potente, pero de trago largo y refrescante.<\/p>\n<p><span style=\"color: #000000;\"><strong>Gastos de env\u00edo GRATIS<\/strong><\/span><\/p>\n","protected":false},"excerpt":{"rendered":"<p>Hace siglos que los cerveceros brit\u00e1nicos exploraron nuevas recetas con las que llevar su m\u00e1s preciado brebaje a todos los rincones del mundo. Hoy, nuestros Maestros de la Fusi\u00f3n, inspirados por esa capacidad de creaci\u00f3n sin l\u00edmites, recogen la esencia de esa tradici\u00f3n y la transforman en LA SAGRA India. La <em>IPA<\/em> que revoluciona todos nuestros sentidos, galardonada con una medalla de plata en el Concurso Internacional de Lyon en su categor\u00eda.<\/p>\n<p><b data-stringify-type=\"bold\">GASTOS DE ENV\u00cdO GRATIS<\/b><\/p>\n<p style=\"font-size: 10px;\">* Precio\/Litro: Pack 12 Botellas: 5,6\u20ac<br \/>\n* Precio\/Litro: Pack 24 Botellas: 5,42\u20ac<\/p>\n","protected":false},"featured_media":21406,"comment_status":"open","ping_status":"closed","template":"","meta":{"_acf_changed":false},"product_brand":[],"product_cat":[66,63,500,498],"product_tag":[236,246,240],"class_list":{"0":"post-3916","1":"product","2":"type-product","3":"status-publish","4":"has-post-thumbnail","6":"product_cat-artesanales","7":"product_cat-cervezas-la-sagra","8":"product_cat-la-sagra-especialidades","9":"product_cat-nuestras-cervezas","10":"product_tag-cerveza","11":"product_tag-ipa","12":"product_tag-sagra","13":"pa_alc-13-7_2vol","14":"pa_estilo-f8-indianpaleale","15":"pa_formato-8a-botella33cl","16":"pa_informacionnutricional-43-100ml217kj52kcal","17":"pa_ingredientes-8f-agua_100maltadecebada_lupu","18":"pa_mantenimiento-d1-conservarenlugarlimpio_fre","19":"pa_temperaturadeconsumo-0c-6_8c","20":"pa_unidades-af-caja12udsx33cl","21":"pa_unidades-46-caja24udsx33cl","24":"onbackorder","25":"taxable","26":"shipping-taxable","27":"purchasable","28":"product-type-variable","29":"has-default-attributes"},"booking_location":null,"booking_location_type":null,"booking_duration":null,"booking_duration_unit":null,"booking_buffer":null,"booking_cost":null,"booking_resources":null,"acf":{"imagen_pagos":false,"ft_tipo":"IPA","ft_alcohol":"7,2","ft_botellas":"4 Botella","ft_amargor":"70","ft_nivel_amargor":"Amargor 4","ft_atributos":[{"ft_nombre_atributo":"Fermentaci\u00f3n","ft_descripcion":"Alta (ALE)","ft_icono":"https:\/\/cervezalasagra.es\/tienda\/wp-content\/uploads\/2021\/05\/ico-fermentacion.png"},{"ft_nombre_atributo":"Ingredientes","ft_descripcion":"Agua, <strong>malta de cebada<\/strong>,  l\u00fapulo y levadura","ft_icono":"https:\/\/cervezalasagra.es\/tienda\/wp-content\/uploads\/2021\/05\/ico-ingredientes.png"},{"ft_nombre_atributo":"Contiene Gluten","ft_descripcion":"","ft_icono":"https:\/\/cervezalasagra.es\/tienda\/wp-content\/uploads\/2021\/05\/ico-alergenos.png"},{"ft_nombre_atributo":"T\u00aa de consumo","ft_descripcion":"4 y 6 C\u00ba","ft_icono":"https:\/\/cervezalasagra.es\/tienda\/wp-content\/uploads\/2021\/05\/ico-consumo.png"},{"ft_nombre_atributo":"Por 100 ml","ft_descripcion":"260 kJ \/ 62 kcal","ft_icono":"https:\/\/cervezalasagra.es\/tienda\/wp-content\/uploads\/2021\/05\/ico-nutricional.png"},{"ft_nombre_atributo":"Vista","ft_descripcion":"Fuerte color anaranjado","ft_icono":"https:\/\/cervezalasagra.es\/tienda\/wp-content\/uploads\/2021\/05\/ico-color.png"},{"ft_nombre_atributo":"Olfato","ft_descripcion":"Lupulado y de aroma c\u00edtrico","ft_icono":"https:\/\/cervezalasagra.es\/tienda\/wp-content\/uploads\/2021\/05\/ico-aroma.png"},{"ft_nombre_atributo":"Gusto","ft_descripcion":"Sabor potente, de amargor y cuerpo afrutado","ft_icono":"https:\/\/cervezalasagra.es\/tienda\/wp-content\/uploads\/2023\/05\/gusto-e1684323297333.png"}],"ft_imagen_fondo":false,"m_imagen_fondo":"https:\/\/cervezalasagra.es\/tienda\/wp-content\/uploads\/2021\/06\/Maridaje-Quesos_Asado_Marisco.jpg","m_titulo":"\u00bfC\u00f3mo combinarlo?","m_alimentos":[{"m_nombre_alimento":"Quesos","m_icono_alimento":"https:\/\/cervezalasagra.es\/tienda\/wp-content\/uploads\/2021\/06\/Icono-Maridaje-Quesos.png"},{"m_nombre_alimento":"Comidas picantes \/ especiadas","m_icono_alimento":"https:\/\/cervezalasagra.es\/tienda\/wp-content\/uploads\/2021\/06\/Icono-Maridaje-ComidaPicantepng.png"},{"m_nombre_alimento":"Carnes ligeras","m_icono_alimento":"https:\/\/cervezalasagra.es\/tienda\/wp-content\/uploads\/2021\/06\/Icono-Maridaje-CarnesLigeras.png"},{"m_nombre_alimento":"Mariscos","m_icono_alimento":"https:\/\/cervezalasagra.es\/tienda\/wp-content\/uploads\/2021\/06\/Icono-Maridaje-Marisco.png"}],"pr_separador":false,"pr_titulo":"No te quedes sin probar...","b_separador":false,"b_titulo":"","b_imagen_1":false,"b_imagen_2":false,"b_imagen_3":false},"jetpack_sharing_enabled":true,"_links":{"self":[{"href":"https:\/\/cervezalasagra.es\/tienda\/wp-json\/wp\/v2\/product\/3916","targetHints":{"allow":["GET"]}}],"collection":[{"href":"https:\/\/cervezalasagra.es\/tienda\/wp-json\/wp\/v2\/product"}],"about":[{"href":"https:\/\/cervezalasagra.es\/tienda\/wp-json\/wp\/v2\/types\/product"}],"replies":[{"embeddable":true,"href":"https:\/\/cervezalasagra.es\/tienda\/wp-json\/wp\/v2\/comments?post=3916"}],"wp:featuredmedia":[{"embeddable":true,"href":"https:\/\/cervezalasagra.es\/tienda\/wp-json\/wp\/v2\/media\/21406"}],"wp:attachment":[{"href":"https:\/\/cervezalasagra.es\/tienda\/wp-json\/wp\/v2\/media?parent=3916"}],"wp:term":[{"taxonomy":"product_brand","embeddable":true,"href":"https:\/\/cervezalasagra.es\/tienda\/wp-json\/wp\/v2\/product_brand?post=3916"},{"taxonomy":"product_cat","embeddable":true,"href":"https:\/\/cervezalasagra.es\/tienda\/wp-json\/wp\/v2\/product_cat?post=3916"},{"taxonomy":"product_tag","embeddable":true,"href":"https:\/\/cervezalasagra.es\/tienda\/wp-json\/wp\/v2\/product_tag?post=3916"}],"curies":[{"name":"wp","href":"https:\/\/api.w.org\/{rel}","templated":true}]}}