{"id":3943,"date":"2013-04-01T01:03:18","date_gmt":"2013-04-01T00:03:18","guid":{"rendered":"https:\/\/cervezalasagra.es\/tienda\/index.php\/producto\/la-sagra-bohio-barley-wine-104-alc-caja-6x75cl\/"},"modified":"2026-03-27T20:48:35","modified_gmt":"2026-03-27T19:48:35","slug":"la-sagra-bohio-barley-wine-104-alc-caja-6x75cl","status":"publish","type":"product","link":"https:\/\/cervezalasagra.es\/tienda\/la-sagra-bohio-barley-wine-104-alc-caja-6x75cl\/","title":{"rendered":"LA SAGRA Bohio<\/br> <span>12 botellas 33 cl &#8211; 10,4% vol. <\/span>"},"content":{"rendered":"<p>LA SAGRA Boh\u00edo &#8211; Barley Wine \/ Botella 33cl<\/p>\n<p>Cu\u00e1druple malta, balanceada, de color y aroma a chocolate, con notas a caramelo, caf\u00e9 y manzana.<\/p>\n<p><strong>Gastos de env\u00edo GRATIS<\/strong><\/p>\n","protected":false},"excerpt":{"rendered":"<p>Nuestros Maestros de la fusi\u00f3n han encontrado el punto exacto entre cerveza y gastronom\u00eda. As\u00ed nace la Boh\u00edo<em> Barley Wine<\/em>, una cerveza de alta graduaci\u00f3n, con notas y aroma a caramelo, caf\u00e9 y manzana. Dise\u00f1ada para acompa\u00f1ar las mejores ideas y potenciar cualquier plato, especialmente el postre.<\/p>\n<p><b data-stringify-type=\"bold\">GASTOS DE ENV\u00cdO GRATIS<\/b><\/p>\n<p style=\"font-size: 10px;\">* Precio\/Litro: Pack 12 Botellas: 6,36\u20ac<\/p>\n<p>&nbsp;<\/p>\n","protected":false},"featured_media":21414,"comment_status":"open","ping_status":"closed","template":"","meta":{"_acf_changed":false},"product_brand":[],"product_cat":[66,63,501,498],"product_tag":[260,247,236,249,240,248],"class_list":{"0":"post-3943","1":"product","2":"type-product","3":"status-publish","4":"has-post-thumbnail","6":"product_cat-artesanales","7":"product_cat-cervezas-la-sagra","8":"product_cat-la-sagra-gourmet","9":"product_cat-nuestras-cervezas","10":"product_tag-75cl","11":"product_tag-bohio","12":"product_tag-cerveza","13":"product_tag-especial","14":"product_tag-sagra","15":"product_tag-triple","16":"pa_alc-96-10_4vol","17":"pa_estilo-61-barleywine","18":"pa_formato-01-botella75cl","19":"pa_ingredientes-8f-agua_100maltadecebada_lupu","20":"pa_mantenimiento-d1-conservarenlugarlimpio_fre","21":"pa_temperaturadeconsumo-0c-6_8c","22":"pa_unidades-af-caja12udsx33cl","25":"onbackorder","26":"taxable","27":"shipping-taxable","28":"purchasable","29":"product-type-simple"},"booking_location":null,"booking_location_type":null,"booking_duration":null,"booking_duration_unit":null,"booking_buffer":null,"booking_cost":null,"booking_resources":null,"acf":{"imagen_pagos":false,"ft_tipo":"Barley Wine","ft_alcohol":"10,4","ft_botellas":"7 Botella","ft_amargor":"12","ft_nivel_amargor":"Amargor 1","ft_atributos":[{"ft_nombre_atributo":"Fermentaci\u00f3n","ft_descripcion":"Alta (ALE)","ft_icono":"https:\/\/cervezalasagra.es\/tienda\/wp-content\/uploads\/2021\/05\/ico-fermentacion.png"},{"ft_nombre_atributo":"Ingredientes","ft_descripcion":"Agua, <strong>malta de cebada<\/strong>,  l\u00fapulo y levadura","ft_icono":"https:\/\/cervezalasagra.es\/tienda\/wp-content\/uploads\/2021\/05\/ico-ingredientes.png"},{"ft_nombre_atributo":"Contiene Gluten","ft_descripcion":"","ft_icono":"https:\/\/cervezalasagra.es\/tienda\/wp-content\/uploads\/2021\/05\/ico-alergenos.png"},{"ft_nombre_atributo":"T\u00aa de consumo","ft_descripcion":"4 y 6 C\u00ba","ft_icono":"https:\/\/cervezalasagra.es\/tienda\/wp-content\/uploads\/2021\/05\/ico-consumo.png"},{"ft_nombre_atributo":"Por 100 ml","ft_descripcion":"350 kJ \/ 84 kcal","ft_icono":"https:\/\/cervezalasagra.es\/tienda\/wp-content\/uploads\/2021\/05\/ico-nutricional.png"},{"ft_nombre_atributo":"Color","ft_descripcion":"\u00c1mbar oscuro intenso","ft_icono":"https:\/\/cervezalasagra.es\/tienda\/wp-content\/uploads\/2021\/05\/ico-color.png"},{"ft_nombre_atributo":"Aroma","ft_descripcion":"A chocolate, caramelo, caf\u00e9 y manzana","ft_icono":"https:\/\/cervezalasagra.es\/tienda\/wp-content\/uploads\/2021\/05\/ico-aroma.png"},{"ft_nombre_atributo":"Gusto","ft_descripcion":"Cuerpo denso, sabor muy equilibrado, dulce y afrutado","ft_icono":"https:\/\/cervezalasagra.es\/tienda\/wp-content\/uploads\/2023\/05\/gusto-e1684323297333.png"}],"ft_imagen_fondo":false,"m_imagen_fondo":"https:\/\/cervezalasagra.es\/tienda\/wp-content\/uploads\/2021\/06\/Maridaje-Postres_Asados.jpg","m_titulo":"\u00bfC\u00f3mo combinarlo?","m_alimentos":[{"m_nombre_alimento":"Postres","m_icono_alimento":"https:\/\/cervezalasagra.es\/tienda\/wp-content\/uploads\/2021\/06\/LS-Web-Tienda-Postres.png"},{"m_nombre_alimento":"Asados","m_icono_alimento":"https:\/\/cervezalasagra.es\/tienda\/wp-content\/uploads\/2021\/06\/Icono-Maridaje-Asados.png"}],"pr_separador":false,"pr_titulo":"No te quedes sin probar...","b_separador":false,"b_titulo":"","b_imagen_1":false,"b_imagen_2":false,"b_imagen_3":false},"jetpack_sharing_enabled":true,"_links":{"self":[{"href":"https:\/\/cervezalasagra.es\/tienda\/wp-json\/wp\/v2\/product\/3943","targetHints":{"allow":["GET"]}}],"collection":[{"href":"https:\/\/cervezalasagra.es\/tienda\/wp-json\/wp\/v2\/product"}],"about":[{"href":"https:\/\/cervezalasagra.es\/tienda\/wp-json\/wp\/v2\/types\/product"}],"replies":[{"embeddable":true,"href":"https:\/\/cervezalasagra.es\/tienda\/wp-json\/wp\/v2\/comments?post=3943"}],"wp:featuredmedia":[{"embeddable":true,"href":"https:\/\/cervezalasagra.es\/tienda\/wp-json\/wp\/v2\/media\/21414"}],"wp:attachment":[{"href":"https:\/\/cervezalasagra.es\/tienda\/wp-json\/wp\/v2\/media?parent=3943"}],"wp:term":[{"taxonomy":"product_brand","embeddable":true,"href":"https:\/\/cervezalasagra.es\/tienda\/wp-json\/wp\/v2\/product_brand?post=3943"},{"taxonomy":"product_cat","embeddable":true,"href":"https:\/\/cervezalasagra.es\/tienda\/wp-json\/wp\/v2\/product_cat?post=3943"},{"taxonomy":"product_tag","embeddable":true,"href":"https:\/\/cervezalasagra.es\/tienda\/wp-json\/wp\/v2\/product_tag?post=3943"}],"curies":[{"name":"wp","href":"https:\/\/api.w.org\/{rel}","templated":true}]}}