{"id":4422,"date":"2021-06-05T10:13:50","date_gmt":"2021-06-05T09:13:50","guid":{"rendered":"https:\/\/cervezalasagra.es\/tienda\/index.php\/producto\/coors-light-lager-40-alc-botella-24x33cl\/"},"modified":"2026-03-25T19:43:18","modified_gmt":"2026-03-25T18:43:18","slug":"coors-light-lager-40-alc-botella-24x33cl","status":"publish","type":"product","link":"https:\/\/cervezalasagra.es\/tienda\/coors-light-lager-40-alc-botella-24x33cl\/","title":{"rendered":"Coors <\/br> <span>24 Botellas 33 cl &#8211; 4,3% Alc.<\/span>"},"content":{"rendered":"<p><span data-sheets-value=\"{&quot;1&quot;:2,&quot;2&quot;:&quot;La receta de las Monta\u00f1as Rocosas y el especial proceso de fermentaci\u00f3n le otorgan un sabor limpio y ligero que es muy refrescante. Las botellas y latas tienen tinta termocrom\u00e1tica de dos pasos, que indica cu\u00e1ndo la cerveza est\u00e1 lo suficientemente fr\u00eda como para beber. Las botellas tienen monta\u00f1as termocrom\u00e1ticas en la parte delantera.\\r&quot;}\" data-sheets-userformat=\"{&quot;2&quot;:897,&quot;3&quot;:{&quot;1&quot;:0},&quot;10&quot;:0,&quot;11&quot;:4,&quot;12&quot;:0}\">La receta de las Monta\u00f1as Rocosas y el especial proceso de fermentaci\u00f3n le otorgan un sabor limpio y ligero que es muy refrescante. Las botellas y latas tienen tinta termocrom\u00e1tica de dos pasos, que indica cu\u00e1ndo la cerveza est\u00e1 lo suficientemente fr\u00eda como para beber. Las botellas tienen monta\u00f1as termocrom\u00e1ticas en la parte delantera. <\/span><\/p>\n","protected":false},"excerpt":{"rendered":"<p>La cerveza mas refrescante del mundo, \u00a1Fr\u00eda como las monta\u00f1as rocosas!<\/p>\n<p>Una cerveza luminosa y refrescante con sutiles notas afrutadas de manzana y pl\u00e1tano. Un agradable amargor se abre paso a trav\u00e9s de la dulzura de la cerveza, aport\u00e1ndole equilibrio<\/p>\n<p class=\"tw-data-text tw-ta tw-text-small\" dir=\"ltr\"><b data-stringify-type=\"bold\">GASTOS DE ENV\u00cdO GRATIS<\/b><\/p>\n<p style=\"font-size: 10px;\">* Precio\/Litro: Pack 24 Botellas: 3,63\u20ac<\/p>\n","protected":false},"featured_media":9499,"comment_status":"open","ping_status":"closed","template":"","meta":{"_acf_changed":false},"product_brand":[],"product_cat":[67,502],"product_tag":[236,311,422,421],"class_list":{"0":"post-4422","1":"product","2":"type-product","3":"status-publish","4":"has-post-thumbnail","6":"product_cat-de-importacion","7":"product_cat-otras-cervezas","8":"product_tag-cerveza","9":"product_tag-cerveza-pilsner","10":"product_tag-coors","11":"product_tag-coors-light","12":"pa_alc-bd-4_0vol","13":"pa_estilo-33-lager","14":"pa_formato-8a-botella33cl","15":"pa_ingredientes-8f-agua_100maltadecebada_lupu","16":"pa_mantenimiento-d1-conservarenlugarlimpio_fre","17":"pa_temperaturadeconsumo-dd-2_4c","18":"pa_unidades-46-caja24udsx33cl","21":"instock","22":"taxable","23":"shipping-taxable","24":"purchasable","25":"product-type-simple"},"booking_location":null,"booking_location_type":null,"booking_duration":null,"booking_duration_unit":null,"booking_buffer":null,"booking_cost":null,"booking_resources":null,"acf":{"imagen_pagos":false,"ft_tipo":"Lager","ft_alcohol":"4,3","ft_botellas":"2 Botella","ft_amargor":"10","ft_nivel_amargor":"Amargor 1","ft_atributos":[{"ft_nombre_atributo":"Fermentaci\u00f3n","ft_descripcion":"Baja (LAGER)","ft_icono":"https:\/\/cervezalasagra.es\/tienda\/wp-content\/uploads\/2021\/05\/ico-fermentacion.png"},{"ft_nombre_atributo":"Contiene","ft_descripcion":"Cebada y trigo","ft_icono":"https:\/\/cervezalasagra.es\/tienda\/wp-content\/uploads\/2021\/05\/ico-ingredientes.png"},{"ft_nombre_atributo":"Contiene Gluten","ft_descripcion":"","ft_icono":"https:\/\/cervezalasagra.es\/tienda\/wp-content\/uploads\/2021\/05\/ico-alergenos.png"},{"ft_nombre_atributo":"T\u00aa de consumo","ft_descripcion":"2 y 6 C\u00ba","ft_icono":"https:\/\/cervezalasagra.es\/tienda\/wp-content\/uploads\/2021\/05\/ico-consumo.png"},{"ft_nombre_atributo":"Por 100 ml","ft_descripcion":"146 kJ \/ 35 kcal","ft_icono":"https:\/\/cervezalasagra.es\/tienda\/wp-content\/uploads\/2021\/05\/ico-nutricional.png"},{"ft_nombre_atributo":"Color","ft_descripcion":"Dorado poco intenso,  transparente","ft_icono":"https:\/\/cervezalasagra.es\/tienda\/wp-content\/uploads\/2021\/05\/ico-color.png"},{"ft_nombre_atributo":"Aroma","ft_descripcion":"Afrutado ligero","ft_icono":"https:\/\/cervezalasagra.es\/tienda\/wp-content\/uploads\/2021\/05\/ico-aroma.png"}],"ft_imagen_fondo":false,"m_imagen_fondo":false,"m_titulo":"","m_alimentos":false,"pr_separador":false,"pr_titulo":"No te quedes sin probar...","b_separador":false,"b_titulo":"","b_imagen_1":false,"b_imagen_2":false,"b_imagen_3":false},"jetpack_sharing_enabled":true,"_links":{"self":[{"href":"https:\/\/cervezalasagra.es\/tienda\/wp-json\/wp\/v2\/product\/4422","targetHints":{"allow":["GET"]}}],"collection":[{"href":"https:\/\/cervezalasagra.es\/tienda\/wp-json\/wp\/v2\/product"}],"about":[{"href":"https:\/\/cervezalasagra.es\/tienda\/wp-json\/wp\/v2\/types\/product"}],"replies":[{"embeddable":true,"href":"https:\/\/cervezalasagra.es\/tienda\/wp-json\/wp\/v2\/comments?post=4422"}],"wp:featuredmedia":[{"embeddable":true,"href":"https:\/\/cervezalasagra.es\/tienda\/wp-json\/wp\/v2\/media\/9499"}],"wp:attachment":[{"href":"https:\/\/cervezalasagra.es\/tienda\/wp-json\/wp\/v2\/media?parent=4422"}],"wp:term":[{"taxonomy":"product_brand","embeddable":true,"href":"https:\/\/cervezalasagra.es\/tienda\/wp-json\/wp\/v2\/product_brand?post=4422"},{"taxonomy":"product_cat","embeddable":true,"href":"https:\/\/cervezalasagra.es\/tienda\/wp-json\/wp\/v2\/product_cat?post=4422"},{"taxonomy":"product_tag","embeddable":true,"href":"https:\/\/cervezalasagra.es\/tienda\/wp-json\/wp\/v2\/product_tag?post=4422"}],"curies":[{"name":"wp","href":"https:\/\/api.w.org\/{rel}","templated":true}]}}