{"id":4457,"date":"2021-06-02T14:13:45","date_gmt":"2021-06-02T13:13:45","guid":{"rendered":"https:\/\/cervezalasagra.es\/tienda\/index.php\/producto\/carling-lager-40-alc-lata-24x50cl\/"},"modified":"2026-01-27T19:04:20","modified_gmt":"2026-01-27T18:04:20","slug":"carling-lager-40-alc-lata-24x50cl","status":"publish","type":"product","link":"https:\/\/cervezalasagra.es\/tienda\/carling-lager-40-alc-lata-24x50cl\/","title":{"rendered":"Carling <\/br> <span>24 Latas 50 cl &#8211; 4% Vol. <\/span>"},"content":{"rendered":"<p><span data-sheets-value=\"{&quot;1&quot;:2,&quot;2&quot;:&quot;Carling es la cerveza n\u00famero #1 en el Reino Unido * y se produce para alcanzar el perfecto equilibrio entre dulzura y amargor, lo que la dota de un sabor extremadamente refrescante, del primer hasta el \u00faltimo sorbo.&quot;}\" data-sheets-userformat=\"{&quot;2&quot;:897,&quot;3&quot;:{&quot;1&quot;:0},&quot;10&quot;:0,&quot;11&quot;:4,&quot;12&quot;:0}\">Carling es la cerveza n\u00famero #1 en el Reino Unido * y se produce para alcanzar el perfecto equilibrio entre dulzura y amargor, lo que la dota de un sabor extremadamente refrescante, del primer hasta el \u00faltimo sorbo.<\/span><\/p>\n","protected":false},"excerpt":{"rendered":"<p>La cerveza Carling se prepara utilizando solo la mejor cebada brit\u00e1nica, cultivada y cosechada con amor en todo el pa\u00eds. Estamos orgullosos de nuestra ubicaci\u00f3n aqu\u00ed, en Burton-on-Trent, una ciudad mundialmente famosa para la producci\u00f3n de cerveza, en el coraz\u00f3n de Gran Breta\u00f1a.<\/p>\n<p><b data-stringify-type=\"bold\">GASTOS DE ENV\u00cdO GRATIS<\/b><\/p>\n<p style=\"font-size: 10px;\">* Precio\/Litro: Pack 24 Botellas: 2\u20ac<\/p>\n","protected":false},"featured_media":9504,"comment_status":"open","ping_status":"closed","template":"","meta":{"_acf_changed":false},"product_brand":[],"product_cat":[67,502],"product_tag":[428,430,426,427,429],"class_list":{"0":"post-4457","1":"product","2":"type-product","3":"status-publish","4":"has-post-thumbnail","6":"product_cat-de-importacion","7":"product_cat-otras-cervezas","8":"product_tag-burton","9":"product_tag-burton-on-trent","10":"product_tag-carling","11":"product_tag-carling-lata","12":"product_tag-cerveza-carling","13":"pa_alc-f5-4_0alc","14":"pa_estilo-33-lager","15":"pa_formato-9d-latade50cl","16":"pa_ingredientes-8f-agua_100maltadecebada_lupu","17":"pa_mantenimiento-d1-conservarenlugarlimpio_fre","18":"pa_temperaturadeconsumo-a1-4_6c","19":"pa_unidades-85-caja24udsx50cl","22":"onbackorder","23":"taxable","24":"shipping-taxable","25":"purchasable","26":"product-type-simple"},"booking_location":null,"booking_location_type":null,"booking_duration":null,"booking_duration_unit":null,"booking_buffer":null,"booking_cost":null,"booking_resources":null,"acf":{"imagen_pagos":false,"ft_tipo":"Lager","ft_alcohol":"4","ft_botellas":"2 Botella","ft_amargor":"14","ft_nivel_amargor":"Amargor 1","ft_atributos":[{"ft_nombre_atributo":"Fermentaci\u00f3n","ft_descripcion":"Baja (LAGER)","ft_icono":"https:\/\/cervezalasagra.es\/tienda\/wp-content\/uploads\/2021\/05\/ico-fermentacion.png"},{"ft_nombre_atributo":"Contiene","ft_descripcion":"Malta de cebada","ft_icono":"https:\/\/cervezalasagra.es\/tienda\/wp-content\/uploads\/2021\/05\/ico-ingredientes.png"},{"ft_nombre_atributo":"Contiene Gluten","ft_descripcion":"","ft_icono":"https:\/\/cervezalasagra.es\/tienda\/wp-content\/uploads\/2021\/05\/ico-alergenos.png"},{"ft_nombre_atributo":"T\u00aa de consumo","ft_descripcion":"2 y 6 C\u00ba","ft_icono":"https:\/\/cervezalasagra.es\/tienda\/wp-content\/uploads\/2021\/05\/ico-consumo.png"},{"ft_nombre_atributo":"Por 100 ml","ft_descripcion":"134 kJ \/ 32 kcal","ft_icono":"https:\/\/cervezalasagra.es\/tienda\/wp-content\/uploads\/2021\/05\/ico-nutricional.png"},{"ft_nombre_atributo":"Color","ft_descripcion":"Dorado","ft_icono":"https:\/\/cervezalasagra.es\/tienda\/wp-content\/uploads\/2021\/05\/ico-color.png"},{"ft_nombre_atributo":"Aroma","ft_descripcion":"Maltoso","ft_icono":"https:\/\/cervezalasagra.es\/tienda\/wp-content\/uploads\/2021\/05\/ico-aroma.png"}],"ft_imagen_fondo":false,"m_imagen_fondo":false,"m_titulo":"","m_alimentos":false,"pr_separador":false,"pr_titulo":"No te quedes sin probar...","b_separador":false,"b_titulo":"","b_imagen_1":false,"b_imagen_2":false,"b_imagen_3":false},"jetpack_sharing_enabled":true,"_links":{"self":[{"href":"https:\/\/cervezalasagra.es\/tienda\/wp-json\/wp\/v2\/product\/4457","targetHints":{"allow":["GET"]}}],"collection":[{"href":"https:\/\/cervezalasagra.es\/tienda\/wp-json\/wp\/v2\/product"}],"about":[{"href":"https:\/\/cervezalasagra.es\/tienda\/wp-json\/wp\/v2\/types\/product"}],"replies":[{"embeddable":true,"href":"https:\/\/cervezalasagra.es\/tienda\/wp-json\/wp\/v2\/comments?post=4457"}],"wp:featuredmedia":[{"embeddable":true,"href":"https:\/\/cervezalasagra.es\/tienda\/wp-json\/wp\/v2\/media\/9504"}],"wp:attachment":[{"href":"https:\/\/cervezalasagra.es\/tienda\/wp-json\/wp\/v2\/media?parent=4457"}],"wp:term":[{"taxonomy":"product_brand","embeddable":true,"href":"https:\/\/cervezalasagra.es\/tienda\/wp-json\/wp\/v2\/product_brand?post=4457"},{"taxonomy":"product_cat","embeddable":true,"href":"https:\/\/cervezalasagra.es\/tienda\/wp-json\/wp\/v2\/product_cat?post=4457"},{"taxonomy":"product_tag","embeddable":true,"href":"https:\/\/cervezalasagra.es\/tienda\/wp-json\/wp\/v2\/product_tag?post=4457"}],"curies":[{"name":"wp","href":"https:\/\/api.w.org\/{rel}","templated":true}]}}