{"id":4518,"date":"2015-05-01T01:06:11","date_gmt":"2015-05-01T00:06:11","guid":{"rendered":"https:\/\/cervezalasagra.es\/tienda\/index.php\/producto\/la-sagra-mulata-negra-5-vol-caja\/"},"modified":"2026-04-30T14:17:03","modified_gmt":"2026-04-30T12:17:03","slug":"la-sagra-mulata-negra-5-vol-caja","status":"publish","type":"product","link":"https:\/\/cervezalasagra.es\/tienda\/la-sagra-mulata-negra-5-vol-caja\/","title":{"rendered":"LA SAGRA Mulata<br><span>12 o 24 botellas 33 cl &#8211; 5% vol.<\/span>"},"content":{"rendered":"<p>LA SAGRA\u00a0Mulata &#8211;\u00a0Negra \/ Botella 33cl<\/p>\n<p>Cerveza de estilo Porter, negra y ligera. Con sabor y aroma a caf\u00e9 y chocolate, y ligero amargor torrefacto.<\/p>\n<p><strong>Gastos de env\u00edo GRATIS<\/strong><\/p>\n<p>&nbsp;<\/p>\n","protected":false},"excerpt":{"rendered":"<p>Hay algo que diferencia a esta cerveza de todas. Y ese algo es el resultado de la perfecta fusi\u00f3n entre todos los componentes utilizados en su elaboraci\u00f3n. El car\u00e1cter inconfundible de esta <em>Porter Ale<\/em> se lo dan los diferentes tipos de malta utilizados: granos tostados y p\u00e1lidos que se mezclan dando lugar a una cerveza ligera con sabor y aroma a caf\u00e9 y chocolate.<\/p>\n<p><b data-stringify-type=\"bold\">GASTOS DE ENV\u00cdO GRATIS<\/b><\/p>\n<p style=\"font-size: 10px;\">* Precio\/Litro: Pack 12 Botellas: 5,15\u20ac<br \/>\n* Precio\/Litro: Pack 24 Botellas: 5,04\u20ac<\/p>\n","protected":false},"featured_media":35501,"comment_status":"open","ping_status":"closed","template":"","meta":{"_acf_changed":false,"inline_featured_image":false},"product_brand":[],"product_cat":[66,63,500,498],"product_tag":[445,236,446,259,444,240],"class_list":{"0":"post-4518","1":"product","2":"type-product","3":"status-publish","4":"has-post-thumbnail","6":"product_cat-artesanales","7":"product_cat-cervezas-la-sagra","8":"product_cat-la-sagra-especialidades","9":"product_cat-nuestras-cervezas","10":"product_tag-cafe","11":"product_tag-cerveza","12":"product_tag-chocolate","13":"product_tag-negra","14":"product_tag-porter","15":"product_tag-sagra","16":"pa_alc-aa-5_0vol","17":"pa_estilo-d1-porterale","18":"pa_formato-8a-botella33cl","19":"pa_informacionnutricional-90-100ml188kj45kcal","20":"pa_ingredientes-da-agua_maltadecebada_lupuloy","21":"pa_mantenimiento-d1-conservarenlugarlimpio_fre","22":"pa_temperaturadeconsumo-dd-2_4c","23":"pa_unidades-af-caja12udsx33cl","24":"pa_unidades-46-caja24udsx33cl","27":"onbackorder","28":"taxable","29":"shipping-taxable","30":"purchasable","31":"product-type-variable","32":"has-default-attributes"},"booking_location":null,"booking_location_type":null,"booking_duration":null,"booking_duration_unit":null,"booking_buffer":null,"booking_cost":null,"booking_resources":null,"acf":[],"_links":{"self":[{"href":"https:\/\/cervezalasagra.es\/tienda\/wp-json\/wp\/v2\/product\/4518","targetHints":{"allow":["GET"]}}],"collection":[{"href":"https:\/\/cervezalasagra.es\/tienda\/wp-json\/wp\/v2\/product"}],"about":[{"href":"https:\/\/cervezalasagra.es\/tienda\/wp-json\/wp\/v2\/types\/product"}],"replies":[{"embeddable":true,"href":"https:\/\/cervezalasagra.es\/tienda\/wp-json\/wp\/v2\/comments?post=4518"}],"wp:featuredmedia":[{"embeddable":true,"href":"https:\/\/cervezalasagra.es\/tienda\/wp-json\/wp\/v2\/media\/35501"}],"wp:attachment":[{"href":"https:\/\/cervezalasagra.es\/tienda\/wp-json\/wp\/v2\/media?parent=4518"}],"wp:term":[{"taxonomy":"product_brand","embeddable":true,"href":"https:\/\/cervezalasagra.es\/tienda\/wp-json\/wp\/v2\/product_brand?post=4518"},{"taxonomy":"product_cat","embeddable":true,"href":"https:\/\/cervezalasagra.es\/tienda\/wp-json\/wp\/v2\/product_cat?post=4518"},{"taxonomy":"product_tag","embeddable":true,"href":"https:\/\/cervezalasagra.es\/tienda\/wp-json\/wp\/v2\/product_tag?post=4518"}],"curies":[{"name":"wp","href":"https:\/\/api.w.org\/{rel}","templated":true}]}}