{"id":4530,"date":"2021-05-28T14:58:49","date_gmt":"2021-05-28T13:58:49","guid":{"rendered":"https:\/\/cervezalasagra.es\/tienda\/index.php\/producto\/stones-bitter-lata-24x44cl-37-vol\/"},"modified":"2025-06-09T17:54:02","modified_gmt":"2025-06-09T15:54:02","slug":"stones-bitter-lata-24x44cl-37-vol","status":"publish","type":"product","link":"https:\/\/cervezalasagra.es\/tienda\/stones-bitter-lata-24x44cl-37-vol\/","title":{"rendered":"Stones <\/br><span>24 latas 44 cl &#8211; 3,7% Vol. <\/span>"},"content":{"rendered":"<p><span data-sheets-value=\"{&quot;1&quot;:2,&quot;2&quot;:&quot;Sabor aut\u00e9ntico de Yorkshire. Cerveza que equilibra a la perfecci\u00f3n el l\u00fapulo y las levaduras utilizadas en su elaboraci\u00f3n.&quot;}\" data-sheets-userformat=\"{&quot;2&quot;:897,&quot;3&quot;:{&quot;1&quot;:0},&quot;10&quot;:0,&quot;11&quot;:4,&quot;12&quot;:0}\">Sabor aut\u00e9ntico de Yorkshire. Cerveza que equilibra a la perfecci\u00f3n el l\u00fapulo y las levaduras utilizadas en su elaboraci\u00f3n.<\/span><\/p>\n","protected":false},"excerpt":{"rendered":"<p>Sabor aut\u00e9ntico de Yorkshire. Cerveza que equilibra a la perfecci\u00f3n el l\u00fapulo y las levaduras utilizadas en su elaboraci\u00f3n.<\/p>\n<p><b data-stringify-type=\"bold\">GASTOS DE ENV\u00cdO GRATIS<\/b><\/p>\n<p style=\"font-size: 10px;\">* Precio\/Litro: Pack 24 Botellas: 4\u20ac<\/p>\n","protected":false},"featured_media":9517,"comment_status":"open","ping_status":"closed","template":"","meta":{"_acf_changed":false},"product_brand":[],"product_cat":[67],"product_tag":[236,424],"class_list":{"0":"post-4530","1":"product","2":"type-product","3":"status-publish","4":"has-post-thumbnail","6":"product_cat-de-importacion","7":"product_tag-cerveza","8":"product_tag-lata","9":"pa_alc-bc-3_7vol","10":"pa_estilo-09-englishbitter","11":"pa_formato-37-lata44cl","12":"pa_ingredientes-6e-contienemaltadecebadaydetr","13":"pa_mantenimiento-d1-conservarenlugarlimpio_fre","14":"pa_temperaturadeconsumo-a1-4_6c","15":"pa_unidades-46-caja24udsx33cl","18":"onbackorder","19":"taxable","20":"shipping-taxable","21":"purchasable","22":"product-type-variable","23":"has-default-attributes"},"booking_location":null,"booking_location_type":null,"booking_duration":null,"booking_duration_unit":null,"booking_buffer":null,"booking_cost":null,"booking_resources":null,"acf":{"imagen_pagos":false,"ft_tipo":"Baja (LAGER)","ft_alcohol":"4","ft_botellas":"2 Botella","ft_amargor":"10","ft_nivel_amargor":"Amargor 1","ft_atributos":[{"ft_nombre_atributo":"Contiene: ","ft_descripcion":"Malta de Cebada","ft_icono":"https:\/\/cervezalasagra.es\/tienda\/wp-content\/uploads\/2021\/05\/ico-ingredientes.png"}],"ft_imagen_fondo":false,"m_imagen_fondo":false,"m_titulo":"","m_alimentos":false,"pr_separador":false,"pr_titulo":"No te quedes sin probar...","b_separador":false,"b_titulo":"","b_imagen_1":false,"b_imagen_2":false,"b_imagen_3":false},"jetpack_sharing_enabled":true,"_links":{"self":[{"href":"https:\/\/cervezalasagra.es\/tienda\/wp-json\/wp\/v2\/product\/4530","targetHints":{"allow":["GET"]}}],"collection":[{"href":"https:\/\/cervezalasagra.es\/tienda\/wp-json\/wp\/v2\/product"}],"about":[{"href":"https:\/\/cervezalasagra.es\/tienda\/wp-json\/wp\/v2\/types\/product"}],"replies":[{"embeddable":true,"href":"https:\/\/cervezalasagra.es\/tienda\/wp-json\/wp\/v2\/comments?post=4530"}],"wp:featuredmedia":[{"embeddable":true,"href":"https:\/\/cervezalasagra.es\/tienda\/wp-json\/wp\/v2\/media\/9517"}],"wp:attachment":[{"href":"https:\/\/cervezalasagra.es\/tienda\/wp-json\/wp\/v2\/media?parent=4530"}],"wp:term":[{"taxonomy":"product_brand","embeddable":true,"href":"https:\/\/cervezalasagra.es\/tienda\/wp-json\/wp\/v2\/product_brand?post=4530"},{"taxonomy":"product_cat","embeddable":true,"href":"https:\/\/cervezalasagra.es\/tienda\/wp-json\/wp\/v2\/product_cat?post=4530"},{"taxonomy":"product_tag","embeddable":true,"href":"https:\/\/cervezalasagra.es\/tienda\/wp-json\/wp\/v2\/product_tag?post=4530"}],"curies":[{"name":"wp","href":"https:\/\/api.w.org\/{rel}","templated":true}]}}