{"id":9021,"date":"2021-06-01T18:42:51","date_gmt":"2021-06-01T17:42:51","guid":{"rendered":"https:\/\/cervezalasagra.es\/tienda\/?post_type=product&#038;p=9021"},"modified":"2026-03-05T11:25:05","modified_gmt":"2026-03-05T10:25:05","slug":"la-sagra-calabaza-botella-24x33-cl-65-vol","status":"publish","type":"product","link":"https:\/\/cervezalasagra.es\/tienda\/la-sagra-calabaza-botella-24x33-cl-65-vol\/","title":{"rendered":"LA SAGRA Calabaza<\/br> <span>12 o 24 Botellas de 33cl -6,1% vol.<\/span>"},"content":{"rendered":"<p>\u00bfTodav\u00eda no has probado nuestra edici\u00f3n limitada de oto\u00f1o? Una cerveza con un sabor sorprendente, hecha de calabaza, l\u00fapulo, canela, levadura y clavo. Nuestros maestros cerveceros se inspiran en el Parque de Safont de Toledo para crear una receta estacional diferente, con un aroma dulce y afrutado, y un cuerpo aterciopelado. La primera Pumpkin Ale de Espa\u00f1a, inspirada en Toledo.<\/p>\n","protected":false},"excerpt":{"rendered":"<p>\u00bfTodav\u00eda no has probado nuestra edici\u00f3n limitada de oto\u00f1o? Una cerveza con un sabor sorprendente, hecha de calabaza, l\u00fapulo, canela, levadura y clavo. Nuestros maestros cerveceros se inspiran en el Parque de Safont de Toledo para crear una receta estacional diferente, con un aroma dulce y afrutado, y un cuerpo aterciopelado. La primera Pumpkin Ale de Espa\u00f1a, inspirada en Toledo.<\/p>\n<p><b>GASTOS DE ENV\u00cdO GRATIS<\/b><\/p>\n<p style=\"font-size: 10px;\">*La unidad te sale a 2,10\u20ac (caja de 12 uds.) y 2.08\u20ac (caja de 24 uds.)<\/p>\n","protected":false},"featured_media":25467,"comment_status":"open","ping_status":"closed","template":"","meta":{"_acf_changed":false},"product_brand":[],"product_cat":[66,63,501,498],"product_tag":[255,261,262,236,263,240],"class_list":{"0":"post-9021","1":"product","2":"type-product","3":"status-publish","4":"has-post-thumbnail","6":"product_cat-artesanales","7":"product_cat-cervezas-la-sagra","8":"product_cat-la-sagra-gourmet","9":"product_cat-nuestras-cervezas","10":"product_tag-ale","11":"product_tag-calabaza","12":"product_tag-canela","13":"product_tag-cerveza","14":"product_tag-pumpkin","15":"product_tag-sagra","16":"pa_alc-2c-6_5","17":"pa_estilo-a7-pumpkinale","18":"pa_formato-8a-botella33cl","19":"pa_ingredientes-45-agua_100maltadecebada_cala","20":"pa_mantenimiento-d1-conservarenlugarlimpio_fre","21":"pa_temperaturadeconsumo-a1-4_6c","22":"pa_unidades-af-caja12udsx33cl","23":"pa_unidades-46-caja24udsx33cl","26":"instock","27":"taxable","28":"shipping-taxable","29":"purchasable","30":"product-type-variable","31":"has-default-attributes"},"booking_location":null,"booking_location_type":null,"booking_duration":null,"booking_duration_unit":null,"booking_buffer":null,"booking_cost":null,"booking_resources":null,"acf":{"imagen_pagos":false,"ft_tipo":"Pumpkin Ale","ft_alcohol":"6,1","ft_botellas":"1 Botella","ft_amargor":"11","ft_nivel_amargor":"Amargor 1","ft_atributos":[{"ft_nombre_atributo":"Fermentaci\u00f3n","ft_descripcion":"Alta (ALE)","ft_icono":"https:\/\/cervezalasagra.es\/tienda\/wp-content\/uploads\/2021\/05\/ico-fermentacion.png"},{"ft_nombre_atributo":"Ingredientes","ft_descripcion":"Agua, malta de cebada, calabaza ecol\u00f3gica, panela, l\u00fapulo, canela, levadura y clavo.","ft_icono":"https:\/\/cervezalasagra.es\/tienda\/wp-content\/uploads\/2021\/05\/ico-ingredientes.png"},{"ft_nombre_atributo":"Al\u00e9rgenos","ft_descripcion":"Gluten","ft_icono":"https:\/\/cervezalasagra.es\/tienda\/wp-content\/uploads\/2021\/05\/ico-alergenos.png"},{"ft_nombre_atributo":"T\u00aa de consumo","ft_descripcion":"4 y 6 C\u00ba","ft_icono":"https:\/\/cervezalasagra.es\/tienda\/wp-content\/uploads\/2021\/05\/ico-consumo.png"},{"ft_nombre_atributo":"Informaci\u00f3n nutricional","ft_descripcion":"242 kJ \/ 58kcal","ft_icono":"https:\/\/cervezalasagra.es\/tienda\/wp-content\/uploads\/2021\/05\/ico-nutricional.png"},{"ft_nombre_atributo":"Color","ft_descripcion":"Cobre","ft_icono":"https:\/\/cervezalasagra.es\/tienda\/wp-content\/uploads\/2021\/05\/ico-color.png"},{"ft_nombre_atributo":"Aroma","ft_descripcion":"Calabaza, canela","ft_icono":"https:\/\/cervezalasagra.es\/tienda\/wp-content\/uploads\/2021\/05\/ico-aroma.png"}],"ft_imagen_fondo":false,"m_imagen_fondo":"https:\/\/cervezalasagra.es\/tienda\/wp-content\/uploads\/2021\/06\/Maridaje-Postres_Asados.jpg","m_titulo":"\u00bfC\u00f3mo combinarlo?","m_alimentos":[{"m_nombre_alimento":"Postres","m_icono_alimento":"https:\/\/cervezalasagra.es\/tienda\/wp-content\/uploads\/2021\/06\/LS-Web-Tienda-Postres.png"},{"m_nombre_alimento":"Asados","m_icono_alimento":"https:\/\/cervezalasagra.es\/tienda\/wp-content\/uploads\/2021\/06\/Icono-Maridaje-Asados.png"}],"pr_separador":false,"pr_titulo":"No te quedes sin probar...","b_separador":false,"b_titulo":"","b_imagen_1":false,"b_imagen_2":false,"b_imagen_3":false},"jetpack_sharing_enabled":true,"_links":{"self":[{"href":"https:\/\/cervezalasagra.es\/tienda\/wp-json\/wp\/v2\/product\/9021","targetHints":{"allow":["GET"]}}],"collection":[{"href":"https:\/\/cervezalasagra.es\/tienda\/wp-json\/wp\/v2\/product"}],"about":[{"href":"https:\/\/cervezalasagra.es\/tienda\/wp-json\/wp\/v2\/types\/product"}],"replies":[{"embeddable":true,"href":"https:\/\/cervezalasagra.es\/tienda\/wp-json\/wp\/v2\/comments?post=9021"}],"wp:featuredmedia":[{"embeddable":true,"href":"https:\/\/cervezalasagra.es\/tienda\/wp-json\/wp\/v2\/media\/25467"}],"wp:attachment":[{"href":"https:\/\/cervezalasagra.es\/tienda\/wp-json\/wp\/v2\/media?parent=9021"}],"wp:term":[{"taxonomy":"product_brand","embeddable":true,"href":"https:\/\/cervezalasagra.es\/tienda\/wp-json\/wp\/v2\/product_brand?post=9021"},{"taxonomy":"product_cat","embeddable":true,"href":"https:\/\/cervezalasagra.es\/tienda\/wp-json\/wp\/v2\/product_cat?post=9021"},{"taxonomy":"product_tag","embeddable":true,"href":"https:\/\/cervezalasagra.es\/tienda\/wp-json\/wp\/v2\/product_tag?post=9021"}],"curies":[{"name":"wp","href":"https:\/\/api.w.org\/{rel}","templated":true}]}}