{"id":9051,"date":"2021-06-01T22:52:38","date_gmt":"2021-06-01T21:52:38","guid":{"rendered":"https:\/\/cervezalasagra.es\/tienda\/?post_type=product&#038;p=9051"},"modified":"2026-04-30T13:36:15","modified_gmt":"2026-04-30T11:36:15","slug":"staropramen-premium-lata-24x50-cl-5-vol","status":"publish","type":"product","link":"https:\/\/cervezalasagra.es\/tienda\/staropramen-premium-lata-24x50-cl-5-vol\/","title":{"rendered":"Staropramen Premium <\/br>  <span>24 Latas 50 cl &#8211; 5% Vol. <\/span>"},"content":{"rendered":"<p><span data-sheets-value=\"{&quot;1&quot;:2,&quot;2&quot;:&quot;Staropramen es una cerveza ligera de Praga, producida con amor y pasi\u00f3n durante casi 150 a\u00f1os. Su ambici\u00f3n siempre ha sido atraer a los amantes de la cerveza con su sabor \u00fanico, apetitoso y redondo.&quot;}\" data-sheets-userformat=\"{&quot;2&quot;:897,&quot;3&quot;:{&quot;1&quot;:0},&quot;10&quot;:0,&quot;11&quot;:4,&quot;12&quot;:0}\">Staropramen es una cerveza ligera de Praga, producida con amor y pasi\u00f3n durante casi 150 a\u00f1os. Su ambici\u00f3n siempre ha sido atraer a los amantes de la cerveza con su sabor \u00fanico, apetitoso y redondo.<\/span><\/p>\n","protected":false},"excerpt":{"rendered":"<p class=\"tw-data-text tw-ta tw-text-small\" dir=\"ltr\">Su fabricaci\u00f3n requiere 2 tipos de cebada y 5 de l\u00fapulo, incluido el mundialmente famoso Saaz, coraz\u00f3n de esta cerveza. Combinando estos ingredientes y la maestr\u00eda de los maestros cerveceros, tiene una espuma firme y un color dorado profundo. Cerveza agradable de beber con un olor a l\u00fapulo arom\u00e1tico.<\/p>\n<p><b data-stringify-type=\"bold\">GASTOS DE ENV\u00cdO GRATIS<\/b><\/p>\n<p style=\"font-size: 10px;\">* Precio\/Litro: Pack 24 Botellas: 1,98\u20ac<\/p>\n","protected":false},"featured_media":35482,"comment_status":"open","ping_status":"closed","template":"","meta":{"_acf_changed":false,"inline_featured_image":false},"product_brand":[],"product_cat":[67,502],"product_tag":[236,311],"class_list":{"0":"post-9051","1":"product","2":"type-product","3":"status-publish","4":"has-post-thumbnail","6":"product_cat-de-importacion","7":"product_cat-otras-cervezas","8":"product_tag-cerveza","9":"product_tag-cerveza-pilsner","10":"pa_alc-aa-5_0vol","11":"pa_estilo-33-lager","12":"pa_formato-31-lata50cl","13":"pa_ingredientes-8f-agua_100maltadecebada_lupu","14":"pa_mantenimiento-d1-conservarenlugarlimpio_fre","15":"pa_temperaturadeconsumo-dd-2_4c","16":"pa_unidades-85-caja24udsx50cl","19":"onbackorder","20":"taxable","21":"shipping-taxable","22":"purchasable","23":"product-type-simple"},"booking_location":null,"booking_location_type":null,"booking_duration":null,"booking_duration_unit":null,"booking_buffer":null,"booking_cost":null,"booking_resources":null,"acf":[],"_links":{"self":[{"href":"https:\/\/cervezalasagra.es\/tienda\/wp-json\/wp\/v2\/product\/9051","targetHints":{"allow":["GET"]}}],"collection":[{"href":"https:\/\/cervezalasagra.es\/tienda\/wp-json\/wp\/v2\/product"}],"about":[{"href":"https:\/\/cervezalasagra.es\/tienda\/wp-json\/wp\/v2\/types\/product"}],"replies":[{"embeddable":true,"href":"https:\/\/cervezalasagra.es\/tienda\/wp-json\/wp\/v2\/comments?post=9051"}],"wp:featuredmedia":[{"embeddable":true,"href":"https:\/\/cervezalasagra.es\/tienda\/wp-json\/wp\/v2\/media\/35482"}],"wp:attachment":[{"href":"https:\/\/cervezalasagra.es\/tienda\/wp-json\/wp\/v2\/media?parent=9051"}],"wp:term":[{"taxonomy":"product_brand","embeddable":true,"href":"https:\/\/cervezalasagra.es\/tienda\/wp-json\/wp\/v2\/product_brand?post=9051"},{"taxonomy":"product_cat","embeddable":true,"href":"https:\/\/cervezalasagra.es\/tienda\/wp-json\/wp\/v2\/product_cat?post=9051"},{"taxonomy":"product_tag","embeddable":true,"href":"https:\/\/cervezalasagra.es\/tienda\/wp-json\/wp\/v2\/product_tag?post=9051"}],"curies":[{"name":"wp","href":"https:\/\/api.w.org\/{rel}","templated":true}]}}