{"id":9105,"date":"2010-04-01T03:03:22","date_gmt":"2010-04-01T02:03:22","guid":{"rendered":"https:\/\/cervezalasagra.es\/tienda\/?post_type=product&#038;p=9105"},"modified":"2026-04-01T17:59:52","modified_gmt":"2026-04-01T15:59:52","slug":"cesta-degustacion-6-estilos-botellas-12x33-cl","status":"publish","type":"product","link":"https:\/\/cervezalasagra.es\/tienda\/cesta-degustacion-6-estilos-botellas-12x33-cl\/","title":{"rendered":"Cesta degustaci\u00f3n 6 estilos<br><span>12 botellas 33 cl <\/span>"},"content":{"rendered":"<p><span data-sheets-value=\"{&quot;1&quot;:2,&quot;2&quot;:&quot;Cesta de madera con una selecci\u00f3n de 6 estilos de nuestras cervezas artesanales. \u00a1Un regalo ideal!\\r\\n\\r\\nContiene: LA SAGRA Criolla, LA SAGRA India, LA SAGRA Flanders, LA SAGRA Castiza, LA SAGRA Boh\u00edo, LA SAGRA Radler, todas ellas x2 botellas.\\r\\n\\r\\nLa confecci\u00f3n de este pack puede variar en funci\u00f3n del stock.&quot;}\" data-sheets-userformat=\"{&quot;2&quot;:897,&quot;3&quot;:{&quot;1&quot;:0},&quot;10&quot;:0,&quot;11&quot;:4,&quot;12&quot;:0}\">Cesta de madera con una selecci\u00f3n de 6 estilos de nuestras cervezas artesanales. \u00a1Un regalo ideal!<\/span><\/p>\n<p>Contiene:<\/p>\n<p>LA SAGRA Criolla, Tipo: Roja, Ingredientes: Agua, malta de cebada, l\u00fapulo y levadura.<\/p>\n<p>LA SAGRA India, Tipo: IPA, Ingredientes: Agua, malta de cebada, l\u00fapulo y levadura.<\/p>\n<p>LA SAGRA Flanders, Tipo: Blanca de Trigo, Ingredientes: Agua, malta de cebada y de trigo, c\u00e1scara de naranja, cilantro, l\u00fapulo y levadura.<\/p>\n<p>LA SAGRA Castiza, Tipo: Rubia, Ingredientes: Agua, malta de cebada, l\u00fapulo y levadura.<\/p>\n<p>LA SAGRA Boh\u00edo, Tipo: Negra, Ingredientes: Agua, malta de cebada, l\u00fapulo y levadura.<\/p>\n<p>LA SAGRA Radler, Tipo: Radler, Ingredientes: Cerveza (Agua, malta de cebada y de trigo, lim\u00f3n natural, cilantro, l\u00fapulo y levadura) y Limonada (Agua, zumo natural de lim\u00f3n, az\u00facar y sorbato de potasio).<\/p>\n<p>Todas ellas x2 botellas.<\/p>\n<p>La confecci\u00f3n de este pack puede variar en funci\u00f3n del stock.<\/p>\n","protected":false},"excerpt":{"rendered":"<p>Nuestros Maestros de la Fusi\u00f3n han seleccionado seis de sus cervezas para crear una cesta de degustaci\u00f3n ideal para regalar o compartir con qui\u00e9n t\u00fa decidas. Incluye 2 LA SAGRA Criolla, 2 LA SAGRA India, 2 LA SAGRA Flanders, 2 LA SAGRA Castiza, 2 LA SAGRA Boh\u00edo y 2 LA SAGRA Radler.<\/p>\n<p><em>*LA SAGRA se reserva el derecho de poder cambiar la composici\u00f3n del Pack en caso de ser necesario.<\/em><\/p>\n<p><b data-stringify-type=\"bold\">GASTOS DE ENV\u00cdO GRATIS<\/b><\/p>\n<p style=\"font-size: 10px;\">* Precio\/Litro: Pack 12 Botellas:8,32\u20ac<\/p>\n","protected":false},"featured_media":19337,"comment_status":"open","ping_status":"closed","template":"","meta":{"_acf_changed":false},"product_brand":[],"product_cat":[65],"product_tag":[268,236,242,269,241,240],"class_list":{"0":"post-9105","1":"product","2":"type-product","3":"status-publish","4":"has-post-thumbnail","6":"product_cat-elige-tu-pack","7":"product_tag-castiza","8":"product_tag-cerveza","9":"product_tag-cerveza-criolla","10":"product_tag-flanders","11":"product_tag-roja","12":"product_tag-sagra","13":"pa_alc-62-varios","14":"pa_estilo-62-varios","15":"pa_formato-8a-botella33cl","16":"pa_ingredientes-a8-agua_100maltadecebadaytrig","17":"pa_mantenimiento-d1-conservarenlugarlimpio_fre","18":"pa_temperaturadeconsumo-0c-6_8c","19":"pa_unidades-af-caja12udsx33cl","22":"onbackorder","23":"taxable","24":"shipping-taxable","25":"purchasable","26":"product-type-simple"},"booking_location":null,"booking_location_type":null,"booking_duration":null,"booking_duration_unit":null,"booking_buffer":null,"booking_cost":null,"booking_resources":null,"acf":{"ft_tipo":"Roja, IPA, Blanca de Trigo, Rubia, Negra, Radler","ft_alcohol":"2,6-7,2","ft_botellas":"5 Botella","ft_amargor":"8-70","ft_nivel_amargor":"Amargor 5","ft_atributos":[{"ft_nombre_atributo":"Fermentaci\u00f3n","ft_descripcion":"Alta (ALE)","ft_icono":"https:\/\/cervezalasagra.es\/tienda\/wp-content\/uploads\/2021\/05\/ico-fermentacion.png"},{"ft_nombre_atributo":"Contiene Gluten","ft_descripcion":"","ft_icono":"https:\/\/cervezalasagra.es\/tienda\/wp-content\/uploads\/2021\/05\/ico-alergenos.png"},{"ft_nombre_atributo":"T\u00aa de consumo","ft_descripcion":"4 y 6 C\u00ba","ft_icono":"https:\/\/cervezalasagra.es\/tienda\/wp-content\/uploads\/2021\/05\/ico-consumo.png"},{"ft_nombre_atributo":"Por 100 ml","ft_descripcion":"193 kJ \/ 46 kcal -","ft_icono":"https:\/\/cervezalasagra.es\/tienda\/wp-content\/uploads\/2021\/05\/ico-nutricional.png"},{"ft_nombre_atributo":"Color","ft_descripcion":"Criolla: Cobrizo; India: Anarajado Intenso; Flanders: Pajizo; Castiza: Anaranjado; Boh\u00edo: \u00c1mbar; Radler: Amarillo, ligeramente verdoso","ft_icono":"https:\/\/cervezalasagra.es\/tienda\/wp-content\/uploads\/2021\/05\/ico-color.png"},{"ft_nombre_atributo":"Aroma","ft_descripcion":"Criolla: Frutal; India: Lupulado intenso, c\u00edtrico; Flanders: Afrutado y especiado; Castiza: Frutal; Boh\u00edo: Afrutado, caramelo; Radler: Frutal, lim\u00f3n","ft_icono":"https:\/\/cervezalasagra.es\/tienda\/wp-content\/uploads\/2021\/05\/ico-aroma.png"}],"ft_imagen_fondo":false,"m_imagen_fondo":false,"m_titulo":"","m_alimentos":false,"pr_separador":false,"pr_titulo":"No te quedes sin probar..."},"jetpack_sharing_enabled":true,"_links":{"self":[{"href":"https:\/\/cervezalasagra.es\/tienda\/wp-json\/wp\/v2\/product\/9105","targetHints":{"allow":["GET"]}}],"collection":[{"href":"https:\/\/cervezalasagra.es\/tienda\/wp-json\/wp\/v2\/product"}],"about":[{"href":"https:\/\/cervezalasagra.es\/tienda\/wp-json\/wp\/v2\/types\/product"}],"replies":[{"embeddable":true,"href":"https:\/\/cervezalasagra.es\/tienda\/wp-json\/wp\/v2\/comments?post=9105"}],"wp:featuredmedia":[{"embeddable":true,"href":"https:\/\/cervezalasagra.es\/tienda\/wp-json\/wp\/v2\/media\/19337"}],"wp:attachment":[{"href":"https:\/\/cervezalasagra.es\/tienda\/wp-json\/wp\/v2\/media?parent=9105"}],"wp:term":[{"taxonomy":"product_brand","embeddable":true,"href":"https:\/\/cervezalasagra.es\/tienda\/wp-json\/wp\/v2\/product_brand?post=9105"},{"taxonomy":"product_cat","embeddable":true,"href":"https:\/\/cervezalasagra.es\/tienda\/wp-json\/wp\/v2\/product_cat?post=9105"},{"taxonomy":"product_tag","embeddable":true,"href":"https:\/\/cervezalasagra.es\/tienda\/wp-json\/wp\/v2\/product_tag?post=9105"}],"curies":[{"name":"wp","href":"https:\/\/api.w.org\/{rel}","templated":true}]}}