{"id":9138,"date":"2010-04-01T03:08:49","date_gmt":"2010-04-01T02:08:49","guid":{"rendered":"https:\/\/cervezalasagra.es\/tienda\/?post_type=product&#038;p=9138"},"modified":"2026-04-30T13:10:58","modified_gmt":"2026-04-30T11:10:58","slug":"164-elige-tu-pack1","status":"publish","type":"product","link":"https:\/\/cervezalasagra.es\/tienda\/164-elige-tu-pack1\/","title":{"rendered":"Pack India, Criolla, Castiza y Flanders"},"content":{"rendered":"<style>\n.variations{<br \/>display: none !important;<br \/>}<br \/>.entry-summary .woocommerce-variation-price > .price.a4 > del > span{<br \/>text-decoration: none !important;<br \/>}<br \/><\/style>\n<p><span data-sheets-value=\"{&quot;1&quot;:2,&quot;2&quot;:&quot;Cesta de madera con una selecci\u00f3n de 6 estilos de nuestras cervezas artesanales. \u00a1Un regalo ideal!\\r\\n\\r\\nContiene: LA SAGRA Criolla, LA SAGRA India, LA SAGRA Flanders, LA SAGRA Castiza, LA SAGRA Boh\u00edo, LA SAGRA Radler, todas ellas x2 botellas.\\r\\n\\r\\nLa confecci\u00f3n de este pack puede variar en funci\u00f3n del stock.&quot;}\" data-sheets-userformat=\"{&quot;2&quot;:897,&quot;3&quot;:{&quot;1&quot;:0},&quot;10&quot;:0,&quot;11&quot;:4,&quot;12&quot;:0}\">Pack de 24 cervezas surtido de LA SAGRA:\u00a0<\/span><\/p>\n<p>Contiene:<\/p>\n<p>LA SAGRA Criolla, Tipo: Roja, Ingredientes: Agua, malta de cebada, l\u00fapulo y levadura.<\/p>\n<p>LA SAGRA India, Tipo: IPA, Ingredientes: Agua, malta de cebada, l\u00fapulo y levadura.<\/p>\n<p>LA SAGRA Castiza, Tipo: Rubia, Ingredientes: Agua, malta de cebada, l\u00fapulo y levadura.<\/p>\n<p>LA SAGRA Flanders, Tipo: Blanca de Trigo, Ingredientes: Agua, malta de cebada y de trigo, c\u00e1scara de naranja, cilantro, l\u00fapulo y levadura.<\/p>\n","protected":false},"excerpt":{"rendered":"<p>Nuestras cervezas son odas a la fusi\u00f3n, as\u00ed que nuestros packs no pod\u00edan ser menos.<\/p>\n<p>Prep\u00e1rate para brindar con LA SAGRA India, una IPA que no te esperas; LA SAGRA Criolla, una cerveza roja con una combinaci\u00f3n de maltas europeas y l\u00fapulo americano; LA SAGRA Castiza, una rubia que mezcla las mejores maltas espa\u00f1olas y LA SAGRA Flanders, una belga reinterpretada a la espa\u00f1ola. Y para que lo disfrutes a lo grande, te enviamos seis de cada especialidad.<\/p>\n<p><span style=\"color: #000000;\"><strong>Gastos de env\u00edo GRATIS<\/strong><\/span><\/p>\n<p style=\"font-size: 10px;\">* Precio\/Litro: Pack 24 Botellas:5,13\u20ac<\/p>\n","protected":false},"featured_media":35549,"comment_status":"open","ping_status":"closed","template":"","meta":{"_acf_changed":false,"inline_featured_image":false},"product_brand":[],"product_cat":[463,65],"product_tag":[268,236,242,269,241,240],"class_list":{"0":"post-9138","1":"product","2":"type-product","3":"status-publish","4":"has-post-thumbnail","6":"product_cat-cervezas-en-suscripcion","7":"product_cat-elige-tu-pack","8":"product_tag-castiza","9":"product_tag-cerveza","10":"product_tag-cerveza-criolla","11":"product_tag-flanders","12":"product_tag-roja","13":"product_tag-sagra","14":"pa_alc-62-varios","15":"pa_estilo-62-varios","16":"pa_formato-8a-botella33cl","17":"pa_ingredientes-a8-agua_100maltadecebadaytrig","18":"pa_mantenimiento-d1-conservarenlugarlimpio_fre","19":"pa_temperaturadeconsumo-0c-6_8c","20":"pa_unidades-46-caja24udsx33cl","21":"has-subscription-plans","24":"onbackorder","25":"taxable","26":"shipping-taxable","27":"purchasable","28":"product-type-simple"},"booking_location":null,"booking_location_type":null,"booking_duration":null,"booking_duration_unit":null,"booking_buffer":null,"booking_cost":null,"booking_resources":null,"acf":[],"_links":{"self":[{"href":"https:\/\/cervezalasagra.es\/tienda\/wp-json\/wp\/v2\/product\/9138","targetHints":{"allow":["GET"]}}],"collection":[{"href":"https:\/\/cervezalasagra.es\/tienda\/wp-json\/wp\/v2\/product"}],"about":[{"href":"https:\/\/cervezalasagra.es\/tienda\/wp-json\/wp\/v2\/types\/product"}],"replies":[{"embeddable":true,"href":"https:\/\/cervezalasagra.es\/tienda\/wp-json\/wp\/v2\/comments?post=9138"}],"wp:featuredmedia":[{"embeddable":true,"href":"https:\/\/cervezalasagra.es\/tienda\/wp-json\/wp\/v2\/media\/35549"}],"wp:attachment":[{"href":"https:\/\/cervezalasagra.es\/tienda\/wp-json\/wp\/v2\/media?parent=9138"}],"wp:term":[{"taxonomy":"product_brand","embeddable":true,"href":"https:\/\/cervezalasagra.es\/tienda\/wp-json\/wp\/v2\/product_brand?post=9138"},{"taxonomy":"product_cat","embeddable":true,"href":"https:\/\/cervezalasagra.es\/tienda\/wp-json\/wp\/v2\/product_cat?post=9138"},{"taxonomy":"product_tag","embeddable":true,"href":"https:\/\/cervezalasagra.es\/tienda\/wp-json\/wp\/v2\/product_tag?post=9138"}],"curies":[{"name":"wp","href":"https:\/\/api.w.org\/{rel}","templated":true}]}}